{"id":22110,"date":"2014-05-09T07:15:41","date_gmt":"2014-05-09T07:15:41","guid":{"rendered":"http:\/\/www.recom.link\/o-nama\/sta-je-rekom\/"},"modified":"2015-04-27T17:03:07","modified_gmt":"2015-04-27T16:03:07","slug":"sta-je-rekom","status":"publish","type":"page","link":"https:\/\/www.recom.link\/sq\/sta-je-rekom\/","title":{"rendered":"\u00c7ka \u00ebsht\u00eb KOMRA?"},"content":{"rendered":"<p>KOMRA \u00ebsht\u00eb <em>komision rajonal p\u00ebr v\u00ebrtetimin e fakteve mbi krimet e luft\u00ebs dhe shkeljet tjera t\u00eb r\u00ebnda t\u00eb t\u00eb drejtave t\u00eb njeriut t\u00eb kryera n\u00eb ish-Jugosllavi q\u00eb nga 1 janari 1991 deri m\u00eb 31 dhjetor t\u00eb vitit 2001<\/em>, p\u00ebr themelimin e s\u00eb cil\u00ebs angazhohet <strong>Nisma p\u00ebr KOMRA<\/strong>.<br \/>\n<strong>Procesi KOMRA<\/strong> \u00ebsht\u00eb iniciuar nga nj\u00eb debat n\u00eb lidhje me instrumentet p\u00ebr zbulimin dhe gjetjen e s\u00eb v\u00ebrtet\u00ebs p\u00ebr t\u00eb kaluar\u00ebn n\u00eb maj t\u00eb viti 2006, n\u00eb forumin e par\u00eb rajonal p\u00ebr drejt\u00ebsi tranzicionale, t\u00eb organizuar nga Fondi p\u00ebr t\u00eb Drejt\u00ebn Humanitare (Serbi), Qendra p\u00ebr Dokumentim dhe Hulumtime (BdheH) dhe Documenta (Kroaci). Pjes\u00ebmarr\u00ebsit, p\u00ebrfaq\u00ebsues t\u00eb organizatave joqeveritare dhe shoqatat e familjeve t\u00eb personave t\u00eb pagjetur dhe viktimave nga vendet post-jugosllave, ishin pajtuar p\u00ebr nj\u00eb qasje rajonale p\u00ebr v\u00ebrtetimin e fakteve mbi krimet e luft\u00ebs, p\u00ebr arsye se lufta u zhvillua n\u00eb territorin e disa shteteve, dhe se viktimat dhe kryesit e vepr\u00ebs n\u00eb shumic\u00ebn e rasteve nuk jetojn\u00eb n\u00eb t\u00eb nj\u00ebjtin shtet.<br \/>\n<a href=\"http:\/\/www.recom.link\/sq\/rreth-nesh-2\/sta-je-koalicija-za-rekom\/\" target=\"_blank\"><strong>Koalicioni p\u00ebr KOMRA<\/strong> <\/a>\u00ebsht\u00eb themeluar n\u00eb forumin e kat\u00ebrt rajonal p\u00ebr drejt\u00ebsi tranzicionale, me 28.10.2008 n\u00eb Prishtin\u00eb. Gjat\u00eb tri viteve pas themelimit, koalicioni ka nxituar debatin m\u00eb t\u00eb gjer\u00eb shoq\u00ebror t\u00eb organizuar ndonj\u00ebher\u00eb n\u00eb k\u00ebt\u00eb fush\u00eb: <em>procesin konsultativ <\/em>mbi mandatin e KOMRA-s\u00eb q\u00eb p\u00ebrfshinte 6700 p\u00ebrfaq\u00ebsues\/e t\u00eb shoq\u00ebris\u00eb civile, organizatat e t\u00eb drejtave t\u00eb njeriut, viktimave, familjet e viktimave dhe personave t\u00eb pagjetur, refugjat\u00eb, veteran\u00eb \/ ushtar\u00eb, t\u00eb burgosurit, avokat\u00ebt, artist\u00ebt, shkrimtar\/e, gazetar\u00eb\/e dhe individ\u00eb t\u00eb tjer\u00eb t\u00eb shquar. N\u00eb form\u00ebn e tryezave s\u00eb rrumbullak\u00ebta pjes\u00ebmarr\u00ebsit parashtruan propozimet dhe q\u00ebndrimet e tyre mbi mandatin e k\u00ebtij trupi nd\u00ebrshtet\u00ebror rajonal, p\u00ebr t\u00eb zbulimin dhe b\u00ebrjen publike t\u00eb fakteve mbi krimet e luft\u00ebs dhe shkeljet tjera t\u00eb r\u00ebnda t\u00eb t\u00eb drejtave t\u00eb njeriut t\u00eb viktimave dhe kryesve t\u00eb tyre. Jan\u00eb mbajtur 128 takime lokale dhe rajonale si dhe tet\u00eb forume nd\u00ebrkomb\u00ebtar p\u00ebr Drejt\u00ebsi Tranzicionale. Propozimet e dala nga k\u00ebto takime jan\u00eb p\u00ebrfshir\u00eb n\u00eb draft statutin e KOMRA-s\u00eb i cili \u00ebsht\u00eb analizuar m\u00eb pas nga nj\u00eb grup ekspert\u00ebsh, t\u00eb formuar prej deleguarve t\u00eb kryetar\u00ebve t\u00eb shteteve dhe Kryesis\u00eb s\u00eb Presidenc\u00ebs s\u00eb Bosnje dhe Hercegovin\u00ebs. Grupi i ekspert\u00ebve pas nj\u00eb vit pune, me dat\u00ebn 28.10.2014 ia dor\u00ebzoi Koalicionit propozimet p\u00ebr <a href=\"http:\/\/www.recom.link\/sq\/ndryshime-statuti-komra-28-10-2014\/\" target=\"_blank\"><strong>Ndryshimet e Draft Statutit <\/strong><\/a>i cili pastaj \u00ebsht\u00eb miratuar nga Kuvendi me 14 n\u00ebntor t\u00eb vitit 2014.<br \/>\nSipas Draft Statutit, KOMRA \u00ebsht\u00eb nj\u00eb komision nd\u00ebrqeveritar i p\u00ebrber\u00eb nga shtete e dala nga territori i ish-Jugosllavis\u00eb. Ky trup jo-gjyq\u00ebsor do t\u00eb hulumtoj akuzat p\u00ebr t\u00eb gjitha krimet e luft\u00ebs dhe shkeljet tjera t\u00eb t\u00eb drejtave t\u00eb njeriut n\u00eb lidhje me luft\u00ebn; do ti regjistroj t\u00eb gjitha viktimat e luft\u00ebs dhe viktimat e krimeve t\u00eb lidhura me luft\u00ebn; do t\u00eb mbledh\u00eb informacione n\u00eb lidhje me kampet dhe vende t\u00eb tjera t\u00eb p\u00ebrqendrimit t\u00eb detyruar. Komisioni Rajonal do t\u00eb jet\u00eb i pavarur nga themeluesit e saj. Do t\u00eb financohen nga donacionet.<br \/>\nNisma KOMRA th\u00ebrret shtetet post-jugosllave q\u00eb s\u00eb bashku t\u00eb krijojn\u00eb k\u00ebt\u00eb komision dhe ti v\u00ebrtetojn\u00eb faktet relevante p\u00ebr historin\u00eb dhe t\u00eb ardhmen e gjith\u00eb hap\u00ebsir\u00ebs s\u00eb ish-Jugosllavis\u00eb t\u00eb cilat do t\u00eb jen\u00eb t\u00eb pranueshme p\u00ebr t\u00eb gjitha pal\u00ebt dikur n\u00eb konflikt. Nism\u00ebn p\u00ebr themelimin e KOMRA-s\u00eb deri n\u00eb fund t\u00eb vitit 2014 m\u00eb n\u00ebnshkrime e kan\u00eb mb\u00ebshtetur m\u00eb shum\u00eb se 580,000 njer\u00ebz nga t\u00eb gjitha shtetet e ish-Jugosllavis\u00eb.<\/p>\n<p>&nbsp;<\/p>\n","protected":false},"excerpt":{"rendered":"KOMRA \u00ebsht\u00eb komision rajonal p\u00ebr v\u00ebrtetimin e fakteve mbi krimet e luft\u00ebs dhe shkeljet tjera t\u00eb r\u00ebnda t\u00eb t\u00eb drejtave&#8230; ","protected":false},"author":8,"featured_media":0,"parent":0,"menu_order":101,"comment_status":"open","ping_status":"closed","template":"","meta":{"_acf_changed":false,"footnotes":""},"class_list":["post-22110","page","type-page","status-publish","hentry"],"acf":[],"yoast_head":"<!-- This site is optimized with the Yoast SEO plugin v25.6 - https:\/\/yoast.com\/wordpress\/plugins\/seo\/ -->\n<title>\u00c7ka \u00ebsht\u00eb KOMRA? - REKOM ~ KOMRA ~ RECOM<\/title>\n<meta name=\"robots\" content=\"index, follow, max-snippet:-1, max-image-preview:large, max-video-preview:-1\" \/>\n<link rel=\"canonical\" href=\"https:\/\/www.recom.link\/sq\/sta-je-rekom\/\" \/>\n<meta property=\"og:locale\" content=\"sq_AL\" \/>\n<meta property=\"og:type\" content=\"article\" \/>\n<meta property=\"og:title\" content=\"\u00c7ka \u00ebsht\u00eb KOMRA? - REKOM ~ KOMRA ~ RECOM\" \/>\n<meta property=\"og:description\" content=\"KOMRA \u00ebsht\u00eb komision rajonal p\u00ebr v\u00ebrtetimin e fakteve mbi krimet e luft\u00ebs dhe shkeljet tjera t\u00eb r\u00ebnda t\u00eb t\u00eb drejtave...\" \/>\n<meta property=\"og:url\" content=\"https:\/\/www.recom.link\/sq\/sta-je-rekom\/\" \/>\n<meta property=\"og:site_name\" content=\"REKOM ~ KOMRA ~ RECOM\" \/>\n<meta property=\"article:publisher\" content=\"https:\/\/www.facebook.com\/ZaREKOM.PerKOMRA.ForRECOM\/\" \/>\n<meta property=\"article:modified_time\" content=\"2015-04-27T16:03:07+00:00\" \/>\n<meta name=\"twitter:card\" content=\"summary_large_image\" \/>\n<meta name=\"twitter:site\" content=\"@REKOM_KOMRA\" \/>\n<meta name=\"twitter:label1\" content=\"Est. reading time\" \/>\n\t<meta name=\"twitter:data1\" content=\"3 minuta\" \/>\n<script type=\"application\/ld+json\" class=\"yoast-schema-graph\">{\"@context\":\"https:\/\/schema.org\",\"@graph\":[{\"@type\":\"WebPage\",\"@id\":\"https:\/\/www.recom.link\/sq\/sta-je-rekom\/\",\"url\":\"https:\/\/www.recom.link\/sq\/sta-je-rekom\/\",\"name\":\"\u00c7ka \u00ebsht\u00eb KOMRA? - REKOM ~ KOMRA ~ RECOM\",\"isPartOf\":{\"@id\":\"https:\/\/www.recom.link\/en\/#website\"},\"datePublished\":\"2014-05-09T07:15:41+00:00\",\"dateModified\":\"2015-04-27T16:03:07+00:00\",\"breadcrumb\":{\"@id\":\"https:\/\/www.recom.link\/sq\/sta-je-rekom\/#breadcrumb\"},\"inLanguage\":\"sq\",\"potentialAction\":[{\"@type\":\"ReadAction\",\"target\":[\"https:\/\/www.recom.link\/sq\/sta-je-rekom\/\"]}]},{\"@type\":\"BreadcrumbList\",\"@id\":\"https:\/\/www.recom.link\/sq\/sta-je-rekom\/#breadcrumb\",\"itemListElement\":[{\"@type\":\"ListItem\",\"position\":1,\"name\":\"Home\",\"item\":\"https:\/\/www.recom.link\/en\/\"},{\"@type\":\"ListItem\",\"position\":2,\"name\":\"\u00c7ka \u00ebsht\u00eb KOMRA?\"}]},{\"@type\":\"WebSite\",\"@id\":\"https:\/\/www.recom.link\/en\/#website\",\"url\":\"https:\/\/www.recom.link\/en\/\",\"name\":\"REKOM ~ KOMRA ~ RECOM\",\"description\":\"\",\"potentialAction\":[{\"@type\":\"SearchAction\",\"target\":{\"@type\":\"EntryPoint\",\"urlTemplate\":\"https:\/\/www.recom.link\/en\/?s={search_term_string}\"},\"query-input\":{\"@type\":\"PropertyValueSpecification\",\"valueRequired\":true,\"valueName\":\"search_term_string\"}}],\"inLanguage\":\"sq\"}]}<\/script>\n<!-- \/ Yoast SEO plugin. -->","yoast_head_json":{"title":"\u00c7ka \u00ebsht\u00eb KOMRA? - REKOM ~ KOMRA ~ RECOM","robots":{"index":"index","follow":"follow","max-snippet":"max-snippet:-1","max-image-preview":"max-image-preview:large","max-video-preview":"max-video-preview:-1"},"canonical":"https:\/\/www.recom.link\/sq\/sta-je-rekom\/","og_locale":"sq_AL","og_type":"article","og_title":"\u00c7ka \u00ebsht\u00eb KOMRA? - REKOM ~ KOMRA ~ RECOM","og_description":"KOMRA \u00ebsht\u00eb komision rajonal p\u00ebr v\u00ebrtetimin e fakteve mbi krimet e luft\u00ebs dhe shkeljet tjera t\u00eb r\u00ebnda t\u00eb t\u00eb drejtave...","og_url":"https:\/\/www.recom.link\/sq\/sta-je-rekom\/","og_site_name":"REKOM ~ KOMRA ~ RECOM","article_publisher":"https:\/\/www.facebook.com\/ZaREKOM.PerKOMRA.ForRECOM\/","article_modified_time":"2015-04-27T16:03:07+00:00","twitter_card":"summary_large_image","twitter_site":"@REKOM_KOMRA","twitter_misc":{"Est. reading time":"3 minuta"},"schema":{"@context":"https:\/\/schema.org","@graph":[{"@type":"WebPage","@id":"https:\/\/www.recom.link\/sq\/sta-je-rekom\/","url":"https:\/\/www.recom.link\/sq\/sta-je-rekom\/","name":"\u00c7ka \u00ebsht\u00eb KOMRA? - REKOM ~ KOMRA ~ RECOM","isPartOf":{"@id":"https:\/\/www.recom.link\/en\/#website"},"datePublished":"2014-05-09T07:15:41+00:00","dateModified":"2015-04-27T16:03:07+00:00","breadcrumb":{"@id":"https:\/\/www.recom.link\/sq\/sta-je-rekom\/#breadcrumb"},"inLanguage":"sq","potentialAction":[{"@type":"ReadAction","target":["https:\/\/www.recom.link\/sq\/sta-je-rekom\/"]}]},{"@type":"BreadcrumbList","@id":"https:\/\/www.recom.link\/sq\/sta-je-rekom\/#breadcrumb","itemListElement":[{"@type":"ListItem","position":1,"name":"Home","item":"https:\/\/www.recom.link\/en\/"},{"@type":"ListItem","position":2,"name":"\u00c7ka \u00ebsht\u00eb KOMRA?"}]},{"@type":"WebSite","@id":"https:\/\/www.recom.link\/en\/#website","url":"https:\/\/www.recom.link\/en\/","name":"REKOM ~ KOMRA ~ RECOM","description":"","potentialAction":[{"@type":"SearchAction","target":{"@type":"EntryPoint","urlTemplate":"https:\/\/www.recom.link\/en\/?s={search_term_string}"},"query-input":{"@type":"PropertyValueSpecification","valueRequired":true,"valueName":"search_term_string"}}],"inLanguage":"sq"}]}},"_links":{"self":[{"href":"https:\/\/www.recom.link\/sq\/wp-json\/wp\/v2\/pages\/22110"}],"collection":[{"href":"https:\/\/www.recom.link\/sq\/wp-json\/wp\/v2\/pages"}],"about":[{"href":"https:\/\/www.recom.link\/sq\/wp-json\/wp\/v2\/types\/page"}],"author":[{"embeddable":true,"href":"https:\/\/www.recom.link\/sq\/wp-json\/wp\/v2\/users\/8"}],"replies":[{"embeddable":true,"href":"https:\/\/www.recom.link\/sq\/wp-json\/wp\/v2\/comments?post=22110"}],"version-history":[{"count":11,"href":"https:\/\/www.recom.link\/sq\/wp-json\/wp\/v2\/pages\/22110\/revisions"}],"predecessor-version":[{"id":132460,"href":"https:\/\/www.recom.link\/sq\/wp-json\/wp\/v2\/pages\/22110\/revisions\/132460"}],"wp:attachment":[{"href":"https:\/\/www.recom.link\/sq\/wp-json\/wp\/v2\/media?parent=22110"}],"curies":[{"name":"wp","href":"https:\/\/api.w.org\/{rel}","templated":true}]}}