{"id":178581,"date":"2020-03-29T12:20:33","date_gmt":"2020-03-29T11:20:33","guid":{"rendered":"https:\/\/dev.recom.link\/?page_id=178581"},"modified":"2020-05-31T20:43:34","modified_gmt":"2020-05-31T19:43:34","slug":"cka-eshte-procesi-komra-2","status":"publish","type":"page","link":"https:\/\/www.recom.link\/sq\/cka-eshte-procesi-komra-2\/","title":{"rendered":"\u00c7ka \u00ebsht\u00eb procesi KOMRA?"},"content":{"rendered":"<p>Procesi i KOMRA-s filloi me \u00a0debat \u00a0mbi instrumentet p\u00ebr zbulimin dhe gjetjen e t\u00eb v\u00ebrtet\u00ebs p\u00ebr t\u00eb kaluar\u00ebn n\u00eb maj t\u00eb vitit 2006 n\u00eb Forumin e Par\u00eb Rajonal p\u00ebr drejt\u00ebsi tranzicionale, organizuar nga Fondi \u00a0p\u00ebr t\u00eb Drejt\u00ebn Humanitare (Serbi), Qendra p\u00ebr Hulumtim dhe Dokumentim (BdheH) dhe Documenta (Kroaci) . Pjes\u00ebmarr\u00ebsit, p\u00ebrfaq\u00ebsues t\u00eb OJQ-ve dhe shoqatave t\u00eb familjeve t\u00eb personave \u00a0t\u00eb zhdukur dhe viktimave nga vendet post-jugosllave i dhan\u00eb p\u00ebrpar\u00ebsi qasjes rajonale p\u00ebr ballafaqimin me t\u00eb kaluar\u00ebn.<\/p>\n<p>Koalicioni p\u00ebr KOMRA n\u00eb periudh\u00ebn nga maji i vitit 2006 deri m\u00eb 26 Mars t\u00eb vitit \u00a02011 ka organizuar debate gjith\u00ebp\u00ebrfshir\u00ebse shoq\u00ebrore (procesi i konsultimit) n\u00eb lidhje me mandatin e KOMRA-s. \u00a0N\u00eb debat ishin t\u00eb p\u00ebrfshir\u00eb\u00a0 6.700 p\u00ebrfaq\u00ebsues t\u00eb shoq\u00ebris\u00eb civile, duke p\u00ebrfshir\u00eb organizatat q\u00eb merren me t\u00eb drejtat e njeriut, viktimat, familjet e viktimave dhe t\u00eb personave t\u00eb zhdukur, refugjat\u00ebt, veteran\u00ebt \/ ushtar\u00ebt, t\u00eb burgosurit, avokat\u00ebt, artist\u00ebt, shkrimtar\u00ebt, gazetar\u00ebt dhe individ\u00eb t\u00eb tjer\u00eb t\u00eb shquar. U mbajt\u00ebn 128 takime lokale dhe rajonale dhe tet\u00eb forume nd\u00ebrkomb\u00ebtare p\u00ebr drejt\u00ebsin\u00eb tranzicionale. P\u00ebrmbledhja e q\u00ebndrimeve t\u00eb propozuara\u00a0 jan\u00eb paraqitur \u00a0n\u00eb Draft Statutin e KOMRA-s e cili me \u00a026 mars \u00a0t\u00eb vitit 2011 \u00ebsht\u00eb miratuar nga Kuvendi i Koalicionit p\u00ebr KOMRA.<\/p>\n<p>Pas procesit konsultativ filloi faza e dyt\u00eb e procesit \u2013 institucionalizimi i Nism\u00ebs p\u00ebr KOMRA. Kjo faz\u00eb \u00ebsht\u00eb transferimi i Nism\u00ebs p\u00ebr KOMRA nga niveli i \u00a0shoq\u00ebris\u00eb civile n\u00eb nivel politik \u2013 \u00a0n\u00eb domen institucional. P\u00ebr t\u00eb marr\u00eb mb\u00ebshtetjen publike p\u00ebr formimin e\u00a0 KOMRA-s, Koalicioni ne maj dhe qershor t\u00eb vitit 2011 organizoi peticionin p\u00ebr formimin e KOMRA-s ,\u00a0 i cili u n\u00ebnshkrua nga 555.000\u00a0 qytetar\u00eb nga t\u00eb gjitha vendet e ish-Jugosllavis\u00eb.\u00a0 \u00cbsht\u00eb formuar ekipi i avokuesve publik dhe iniciuar aksioni\u00a0 <a href=\"http:\/\/recom.link\/sr\/rekom-za-buducnost-2\/\">Koalicioni p\u00ebr KOMRA <\/a>. \u00a0Avokimi rezultoi me vendim te presidentit\u00a0 m\u00eb sakt\u00ebsisht\u00a0 Presidenc\u00ebs s\u00eb BdheH q\u00eb t\u00eb em\u00ebrojn\u00eb t\u00eb d\u00ebrguarit personal p\u00ebr KOMRA. T\u00eb d\u00ebrguarit personal kishin p\u00ebr detyr\u00eb t\u00eb analizojn\u00eb Statutin e KOMRA-s t\u00eb propozuar nga Koalicioni p\u00ebr KOMRA dhe t\u00eb kontrollojn\u00eb mund\u00ebsit\u00eb kushtetuese dhe ligjore p\u00ebr themelimin e KOMRA-s n\u00eb secilin vend.<\/p>\n<p>T\u00eb d\u00ebrguarit personal p\u00ebr KOMRA t\u00eb shteteve t\u00eb ish-Jugosllavis\u00eb me dat\u00eb \u00a028 tetor t\u00eb vitit 2014 \u00a0ia\u00a0 dor\u00ebzuan Koalicionit p\u00ebr KOMRA <a href=\"mailto:http:\/\/recom.link\/sr\/izmene-statuta-rekom-28-oktobar-2014-2\/\">ndryshimet e statutit t\u00eb KOMRA-s,<\/a> si dokument p\u00ebrfundimtar i cili \u00ebsht\u00eb n\u00eb p\u00ebrputhje\u00a0 me kornizat \u00a0ligjore p\u00ebr themelimin e KOMRA-s.<\/p>\n<p>K\u00ebto ndryshime t\u00eb Koalicionit p\u00ebr KOMRA pa rezerva jan\u00eb mb\u00ebshtetur nga\u00a0 Kuvendi, m\u00eb 14. 11. 2014. Megjithat\u00eb, n\u00eb nd\u00ebrkoh\u00eb, n\u00eb Bosnje dhe Hercegovin\u00eb u mbajt\u00ebn zgjedhjet n\u00eb t\u00eb cilat u zgjodh\u00ebn an\u00ebtar\u00ebt e rinj t\u00eb Presidenc\u00ebs, po ashtu edhe n\u00eb Kroaci u zgjodh presidenti i ri, si rezultat i k\u00ebtyre ndryshimeve n\u00eb gjysm\u00ebn e par\u00eb t\u00eb vitit 2015, koalicioni p\u00ebr KOMRA u gjet n\u00eb nj\u00eb situat\u00eb duke k\u00ebrkuar p\u00ebrs\u00ebri mb\u00ebshtetjen p\u00ebr themelimin e KOMRA-s. Mb\u00ebshtetja u konfirmua nga president\u00ebt e Serbis\u00eb, Malit t\u00eb Zi, Kosov\u00ebs dhe Maqedonis\u00eb dhe an\u00ebtari boshnjak i Presidenc\u00ebs s\u00eb BdheH. Ata gjithashtu mb\u00ebshtet\u00ebn strategjin\u00eb e Koalicionit p\u00ebr KOMRA q\u00eb \u00e7\u00ebshtja e themelimit t\u00eb KOMRA-s t\u00eb konsiderohet n\u00eb kuad\u00ebr t\u00eb Procesit t\u00eb Berlinit. P\u00ebr vet\u00ebm disa dit\u00eb n\u00eb maj t\u00eb vitit 2017, 50.000 qytetar\u00eb t\u00eb Sarajev\u00ebs, Banja Lluk\u00ebs, Prishtin\u00ebs, Zagrebit dhe Beogradit n\u00ebnshkruan nj\u00eb peticion p\u00ebr marr\u00ebveshjen e lider\u00ebve t\u00eb vendeve post-jugosllave p\u00ebr themelimin e KOMRA-s, n\u00eb kuad\u00ebr t\u00eb procesit t\u00eb Berlinit. N\u00eb deklarat\u00ebn e tij, kryesuesi i Samitit n\u00eb Trieste, t\u00eb mbajtur m\u00eb 12 korrik 2017, theksoi rekomandimet e Forumit t\u00eb Shoq\u00ebris\u00eb Civile p\u00ebr KOMRA, si nj\u00eb q\u00ebndrim i p\u00ebrbashk\u00ebt i pjes\u00ebmarr\u00ebsve t\u00eb samitit. N\u00eb Samitin e Londr\u00ebs, q\u00eb do t\u00eb mbahet 10 korrik 2018, Koalicioni p\u00ebr KOMRA ka ftuar kryeministrin e Serbis\u00eb, Malit t\u00eb Zi, Kosov\u00ebs dhe Maqedonis\u00eb q\u00eb t\u00eb n\u00ebnshkruajn\u00eb Deklarat\u00ebn p\u00ebr themelimin e KOMRA-s dhe t\u00eb ftojn\u00eb vendet e tjera post-jugosllave q\u00eb t\u00eb ky\u00e7en n\u00eb bashk\u00ebpunim n\u00eb krijimin e list\u00ebs s\u00eb humbjeve njer\u00ebzore gjat\u00eb luft\u00ebrave t\u00eb viteve t\u00eb n\u00ebnt\u00ebdhjeta.<\/p>\n<p>&nbsp;<\/p>\n","protected":false},"excerpt":{"rendered":"Procesi i KOMRA-s filloi me \u00a0debat \u00a0mbi instrumentet p\u00ebr zbulimin dhe gjetjen e t\u00eb v\u00ebrtet\u00ebs p\u00ebr t\u00eb kaluar\u00ebn n\u00eb maj&#8230; ","protected":false},"author":8,"featured_media":0,"parent":0,"menu_order":0,"comment_status":"closed","ping_status":"closed","template":"","meta":{"_acf_changed":false,"footnotes":""},"class_list":["post-178581","page","type-page","status-publish","hentry"],"acf":[],"yoast_head":"<!-- This site is optimized with the Yoast SEO plugin v25.6 - https:\/\/yoast.com\/wordpress\/plugins\/seo\/ -->\n<title>\u00c7ka \u00ebsht\u00eb procesi KOMRA? - REKOM ~ KOMRA ~ RECOM<\/title>\n<meta name=\"robots\" content=\"index, follow, max-snippet:-1, max-image-preview:large, max-video-preview:-1\" \/>\n<link rel=\"canonical\" href=\"https:\/\/www.recom.link\/sq\/cka-eshte-procesi-komra-2\/\" \/>\n<meta property=\"og:locale\" content=\"sq_AL\" \/>\n<meta property=\"og:type\" content=\"article\" \/>\n<meta property=\"og:title\" content=\"\u00c7ka \u00ebsht\u00eb procesi KOMRA? - REKOM ~ KOMRA ~ RECOM\" \/>\n<meta property=\"og:description\" content=\"Procesi i KOMRA-s filloi me \u00a0debat \u00a0mbi instrumentet p\u00ebr zbulimin dhe gjetjen e t\u00eb v\u00ebrtet\u00ebs p\u00ebr t\u00eb kaluar\u00ebn n\u00eb maj...\" \/>\n<meta property=\"og:url\" content=\"https:\/\/www.recom.link\/sq\/cka-eshte-procesi-komra-2\/\" \/>\n<meta property=\"og:site_name\" content=\"REKOM ~ KOMRA ~ RECOM\" \/>\n<meta property=\"article:publisher\" content=\"https:\/\/www.facebook.com\/ZaREKOM.PerKOMRA.ForRECOM\/\" \/>\n<meta property=\"article:modified_time\" content=\"2020-05-31T19:43:34+00:00\" \/>\n<meta name=\"twitter:card\" content=\"summary_large_image\" \/>\n<meta name=\"twitter:site\" content=\"@REKOM_KOMRA\" \/>\n<meta name=\"twitter:label1\" content=\"Est. reading time\" \/>\n\t<meta name=\"twitter:data1\" content=\"4 minuta\" \/>\n<script type=\"application\/ld+json\" class=\"yoast-schema-graph\">{\"@context\":\"https:\/\/schema.org\",\"@graph\":[{\"@type\":\"WebPage\",\"@id\":\"https:\/\/www.recom.link\/sq\/cka-eshte-procesi-komra-2\/\",\"url\":\"https:\/\/www.recom.link\/sq\/cka-eshte-procesi-komra-2\/\",\"name\":\"\u00c7ka \u00ebsht\u00eb procesi KOMRA? - REKOM ~ KOMRA ~ RECOM\",\"isPartOf\":{\"@id\":\"https:\/\/www.recom.link\/en\/#website\"},\"datePublished\":\"2020-03-29T11:20:33+00:00\",\"dateModified\":\"2020-05-31T19:43:34+00:00\",\"breadcrumb\":{\"@id\":\"https:\/\/www.recom.link\/sq\/cka-eshte-procesi-komra-2\/#breadcrumb\"},\"inLanguage\":\"sq\",\"potentialAction\":[{\"@type\":\"ReadAction\",\"target\":[\"https:\/\/www.recom.link\/sq\/cka-eshte-procesi-komra-2\/\"]}]},{\"@type\":\"BreadcrumbList\",\"@id\":\"https:\/\/www.recom.link\/sq\/cka-eshte-procesi-komra-2\/#breadcrumb\",\"itemListElement\":[{\"@type\":\"ListItem\",\"position\":1,\"name\":\"Home\",\"item\":\"https:\/\/www.recom.link\/en\/\"},{\"@type\":\"ListItem\",\"position\":2,\"name\":\"\u00c7ka \u00ebsht\u00eb procesi KOMRA?\"}]},{\"@type\":\"WebSite\",\"@id\":\"https:\/\/www.recom.link\/en\/#website\",\"url\":\"https:\/\/www.recom.link\/en\/\",\"name\":\"REKOM ~ KOMRA ~ RECOM\",\"description\":\"\",\"potentialAction\":[{\"@type\":\"SearchAction\",\"target\":{\"@type\":\"EntryPoint\",\"urlTemplate\":\"https:\/\/www.recom.link\/en\/?s={search_term_string}\"},\"query-input\":{\"@type\":\"PropertyValueSpecification\",\"valueRequired\":true,\"valueName\":\"search_term_string\"}}],\"inLanguage\":\"sq\"}]}<\/script>\n<!-- \/ Yoast SEO plugin. -->","yoast_head_json":{"title":"\u00c7ka \u00ebsht\u00eb procesi KOMRA? - REKOM ~ KOMRA ~ RECOM","robots":{"index":"index","follow":"follow","max-snippet":"max-snippet:-1","max-image-preview":"max-image-preview:large","max-video-preview":"max-video-preview:-1"},"canonical":"https:\/\/www.recom.link\/sq\/cka-eshte-procesi-komra-2\/","og_locale":"sq_AL","og_type":"article","og_title":"\u00c7ka \u00ebsht\u00eb procesi KOMRA? - REKOM ~ KOMRA ~ RECOM","og_description":"Procesi i KOMRA-s filloi me \u00a0debat \u00a0mbi instrumentet p\u00ebr zbulimin dhe gjetjen e t\u00eb v\u00ebrtet\u00ebs p\u00ebr t\u00eb kaluar\u00ebn n\u00eb maj...","og_url":"https:\/\/www.recom.link\/sq\/cka-eshte-procesi-komra-2\/","og_site_name":"REKOM ~ KOMRA ~ RECOM","article_publisher":"https:\/\/www.facebook.com\/ZaREKOM.PerKOMRA.ForRECOM\/","article_modified_time":"2020-05-31T19:43:34+00:00","twitter_card":"summary_large_image","twitter_site":"@REKOM_KOMRA","twitter_misc":{"Est. reading time":"4 minuta"},"schema":{"@context":"https:\/\/schema.org","@graph":[{"@type":"WebPage","@id":"https:\/\/www.recom.link\/sq\/cka-eshte-procesi-komra-2\/","url":"https:\/\/www.recom.link\/sq\/cka-eshte-procesi-komra-2\/","name":"\u00c7ka \u00ebsht\u00eb procesi KOMRA? - REKOM ~ KOMRA ~ RECOM","isPartOf":{"@id":"https:\/\/www.recom.link\/en\/#website"},"datePublished":"2020-03-29T11:20:33+00:00","dateModified":"2020-05-31T19:43:34+00:00","breadcrumb":{"@id":"https:\/\/www.recom.link\/sq\/cka-eshte-procesi-komra-2\/#breadcrumb"},"inLanguage":"sq","potentialAction":[{"@type":"ReadAction","target":["https:\/\/www.recom.link\/sq\/cka-eshte-procesi-komra-2\/"]}]},{"@type":"BreadcrumbList","@id":"https:\/\/www.recom.link\/sq\/cka-eshte-procesi-komra-2\/#breadcrumb","itemListElement":[{"@type":"ListItem","position":1,"name":"Home","item":"https:\/\/www.recom.link\/en\/"},{"@type":"ListItem","position":2,"name":"\u00c7ka \u00ebsht\u00eb procesi KOMRA?"}]},{"@type":"WebSite","@id":"https:\/\/www.recom.link\/en\/#website","url":"https:\/\/www.recom.link\/en\/","name":"REKOM ~ KOMRA ~ RECOM","description":"","potentialAction":[{"@type":"SearchAction","target":{"@type":"EntryPoint","urlTemplate":"https:\/\/www.recom.link\/en\/?s={search_term_string}"},"query-input":{"@type":"PropertyValueSpecification","valueRequired":true,"valueName":"search_term_string"}}],"inLanguage":"sq"}]}},"_links":{"self":[{"href":"https:\/\/www.recom.link\/sq\/wp-json\/wp\/v2\/pages\/178581"}],"collection":[{"href":"https:\/\/www.recom.link\/sq\/wp-json\/wp\/v2\/pages"}],"about":[{"href":"https:\/\/www.recom.link\/sq\/wp-json\/wp\/v2\/types\/page"}],"author":[{"embeddable":true,"href":"https:\/\/www.recom.link\/sq\/wp-json\/wp\/v2\/users\/8"}],"replies":[{"embeddable":true,"href":"https:\/\/www.recom.link\/sq\/wp-json\/wp\/v2\/comments?post=178581"}],"version-history":[{"count":2,"href":"https:\/\/www.recom.link\/sq\/wp-json\/wp\/v2\/pages\/178581\/revisions"}],"predecessor-version":[{"id":182214,"href":"https:\/\/www.recom.link\/sq\/wp-json\/wp\/v2\/pages\/178581\/revisions\/182214"}],"wp:attachment":[{"href":"https:\/\/www.recom.link\/sq\/wp-json\/wp\/v2\/media?parent=178581"}],"curies":[{"name":"wp","href":"https:\/\/api.w.org\/{rel}","templated":true}]}}