{"id":169091,"date":"2020-03-29T11:43:17","date_gmt":"2020-03-29T10:43:17","guid":{"rendered":"https:\/\/dev.recom.link\/?page_id=169091"},"modified":"2020-05-31T20:34:49","modified_gmt":"2020-05-31T19:34:49","slug":"cka-eshte-koalicioni-per-komra-n-2","status":"publish","type":"page","link":"https:\/\/www.recom.link\/sq\/cka-eshte-koalicioni-per-komra-n-2\/","title":{"rendered":"\u00c7ka \u00ebsht\u00eb Koalicioni p\u00ebr KOMRA-n?"},"content":{"rendered":"<p>Koalicioni p\u00ebr KOMRA \u00ebsht\u00eb nj\u00eb rrjet i organizatave t\u00eb shoq\u00ebris\u00eb civile (OSHC) nga vendet post-jugosllave K\u00ebto organizata avokojn\u00eb krijimin e \u00a0KOMRA \u2013 s, Komisionit Rajonal p\u00ebr V\u00ebrtetimin \u00a0e Fakteve mbi Krimet e luft\u00ebs dhe shkeljeve tjera t\u00eb r\u00ebnda t\u00eb t\u00eb drejtave t\u00eb njeriut t\u00eb kryera n\u00eb ish-Jugosllavi nga 1 janari i vitit 1991 deri m\u00eb 31 dhjetor t\u00eb vitit 2001.<\/p>\n<p>Koalicioni p\u00ebr KOMRA \u00ebsht\u00eb formuar m\u00eb dat\u00ebn 28 tetor 2008, n\u00eb Prishtin\u00eb, Kosov\u00eb, n\u00eb kuad\u00ebr t\u00eb Forumit t\u00eb Kat\u00ebrt p\u00ebr Drejt\u00ebsi Tranzicionale n\u00eb vendet post-jugosllave me vendim t\u00eb 100 organizatave dhe shoqatave t\u00eb cilat mor\u00ebn pjes\u00eb n\u00eb forum \u2013 organizatave joqeveritare q\u00eb merren me t\u00eb drejtat e njeriut, organizatat rinore, shoqatat e familjar\u00ebve t\u00eb \u00a0personave t\u00eb zhdukur dhe shoqatave t\u00eb ish t\u00eb burgosurve. Q\u00eb at\u00ebher\u00eb, Koalicioni p\u00ebr KOMRA ka mbledhur 2.050 organizatat jo-qeveritare q\u00eb kan\u00eb t\u00eb b\u00ebjn\u00eb me t\u00eb drejtat e njeriut, shoqatat e t\u00eb burgosurve, shoqatat e refugjat\u00ebve, shoqatat e familjar\u00ebve t\u00eb personave t\u00eb zhdukur, artist\u00eb, shkrimtar\u00eb, jurist\u00eb dhe intelektual\u00eb t\u00eb tjer\u00eb t\u00eb shquar t\u00eb cil\u00ebt avokojn\u00eb iden\u00eb q\u00eb vendet q\u00eb dikur kan\u00eb formuar territorin e ish-Jugosllavis\u00eb tani t\u00eb formojn\u00eb nj\u00eb komision rajonal i cili e ka p\u00ebr \u00a0detyr\u00eb v\u00ebrtetimin\u00a0 e \u00a0fakteve p\u00ebr at\u00eb q\u00eb ndodhi n\u00eb t\u00eb kaluar\u00ebn e af\u00ebrt.<\/p>\n<p>Koalicioni p\u00ebr KOMRA menaxhohet nga Kuvendi i an\u00ebtar\u00ebve dhe an\u00ebtar\u00ebt e Koalicionit. Mb\u00ebshtetjen teknike dhe profesionale Koalicionit ia ofron K\u00ebshilli Rajonal i cili p\u00ebrb\u00ebhet nga nism\u00ebtar\u00ebt e KOMRA-s, Natasha Kandiq dhe Vesna Tersheli\u00e7, si dhe p\u00ebrfaq\u00ebsues t\u00eb organizatave t\u00eb shoq\u00ebris\u00eb civile q\u00eb marrin pjes\u00eb n\u00eb projektin KOMRA. Projekti menaxhohet nga Natasha Kandiq. K\u00ebshilli Rajonal gjithashtu \u00ebsht\u00eb p\u00ebrgjegj\u00ebs p\u00ebr zbatimin e konkluzioneve t\u00eb Kuvendit t\u00eb Koalicionit p\u00ebr KOMRA. \u00a0P\u00ebr avokim politik jan\u00eb p\u00ebrgjegj\u00ebs \u00a0avokuesit publik \u00a0prof. Dr. Zharko Puhovski (Kroaci), prof. Dr. Zdravko Grebo (BiH), Dr. Zhidas Daskalovski (Maqedoni), gazetar\u00ebt Adriatik Kelmendi (Kosov\u00eb), Xhenana Karup Drushko (BdheH), Dinko Gruhonjiq (Serbia) dhe Dushko Vukovi\u00e7 (Mali i Zi), Dino Mustafiq (regjisor teatri) dhe Natasha Kandiq (aktiviste e t\u00eb drejtave t\u00eb njeriut).<\/p>\n<p><a href=\"http:\/\/recom.link\/wp-content\/uploads\/2011\/06\/Statut-Koalicije-za-REKOM-26.06.2011-SRB.pdf\">Statuti i Koalicionit p\u00ebr KOMRA<\/a><\/p>\n<h3>Organet e Koalicionit p\u00ebr KOMRA<\/h3>\n<p>\u2013 Kuvendi i Koalicionit p\u00ebr KOMRA<\/p>\n<p>\u2013 <a href=\"http:\/\/recom.link\/wp-content\/uploads\/2018\/07\/ALB-Regionalni-tim-javnih-zagovara\u010da-bhcg-ff.docx\" target=\"_blank\" rel=\"noopener noreferrer\">K\u00ebshilli Rajonal<\/a><\/p>\n<p>\u2013 <a href=\"http:\/\/recom.link\/wp-content\/uploads\/2018\/07\/ALB-Regionalni-tim-javnih-zagovara\u010da-bhcg-ff.docx\" target=\"_blank\" rel=\"noopener noreferrer\">Ekipi Rajonal i Avokuesve Publik<\/a><\/p>\n","protected":false},"excerpt":{"rendered":"Koalicioni p\u00ebr KOMRA \u00ebsht\u00eb nj\u00eb rrjet i organizatave t\u00eb shoq\u00ebris\u00eb civile (OSHC) nga vendet post-jugosllave K\u00ebto organizata avokojn\u00eb krijimin e&#8230; ","protected":false},"author":8,"featured_media":0,"parent":0,"menu_order":0,"comment_status":"closed","ping_status":"closed","template":"","meta":{"_acf_changed":false,"footnotes":""},"class_list":["post-169091","page","type-page","status-publish","hentry"],"acf":[],"yoast_head":"<!-- This site is optimized with the Yoast SEO plugin v25.6 - https:\/\/yoast.com\/wordpress\/plugins\/seo\/ -->\n<title>\u00c7ka \u00ebsht\u00eb Koalicioni p\u00ebr KOMRA-n? - REKOM ~ KOMRA ~ RECOM<\/title>\n<meta name=\"robots\" content=\"index, follow, max-snippet:-1, max-image-preview:large, max-video-preview:-1\" \/>\n<link rel=\"canonical\" href=\"https:\/\/www.recom.link\/sq\/cka-eshte-koalicioni-per-komra-n-2\/\" \/>\n<meta property=\"og:locale\" content=\"sq_AL\" \/>\n<meta property=\"og:type\" content=\"article\" \/>\n<meta property=\"og:title\" content=\"\u00c7ka \u00ebsht\u00eb Koalicioni p\u00ebr KOMRA-n? - REKOM ~ KOMRA ~ RECOM\" \/>\n<meta property=\"og:description\" content=\"Koalicioni p\u00ebr KOMRA \u00ebsht\u00eb nj\u00eb rrjet i organizatave t\u00eb shoq\u00ebris\u00eb civile (OSHC) nga vendet post-jugosllave K\u00ebto organizata avokojn\u00eb krijimin e...\" \/>\n<meta property=\"og:url\" content=\"https:\/\/www.recom.link\/sq\/cka-eshte-koalicioni-per-komra-n-2\/\" \/>\n<meta property=\"og:site_name\" content=\"REKOM ~ KOMRA ~ RECOM\" \/>\n<meta property=\"article:publisher\" content=\"https:\/\/www.facebook.com\/ZaREKOM.PerKOMRA.ForRECOM\/\" \/>\n<meta property=\"article:modified_time\" content=\"2020-05-31T19:34:49+00:00\" \/>\n<meta name=\"twitter:card\" content=\"summary_large_image\" \/>\n<meta name=\"twitter:site\" content=\"@REKOM_KOMRA\" \/>\n<meta name=\"twitter:label1\" content=\"Est. reading time\" \/>\n\t<meta name=\"twitter:data1\" content=\"2 minuta\" \/>\n<script type=\"application\/ld+json\" class=\"yoast-schema-graph\">{\"@context\":\"https:\/\/schema.org\",\"@graph\":[{\"@type\":\"WebPage\",\"@id\":\"https:\/\/www.recom.link\/sq\/cka-eshte-koalicioni-per-komra-n-2\/\",\"url\":\"https:\/\/www.recom.link\/sq\/cka-eshte-koalicioni-per-komra-n-2\/\",\"name\":\"\u00c7ka \u00ebsht\u00eb Koalicioni p\u00ebr KOMRA-n? - REKOM ~ KOMRA ~ RECOM\",\"isPartOf\":{\"@id\":\"https:\/\/www.recom.link\/en\/#website\"},\"datePublished\":\"2020-03-29T10:43:17+00:00\",\"dateModified\":\"2020-05-31T19:34:49+00:00\",\"breadcrumb\":{\"@id\":\"https:\/\/www.recom.link\/sq\/cka-eshte-koalicioni-per-komra-n-2\/#breadcrumb\"},\"inLanguage\":\"sq\",\"potentialAction\":[{\"@type\":\"ReadAction\",\"target\":[\"https:\/\/www.recom.link\/sq\/cka-eshte-koalicioni-per-komra-n-2\/\"]}]},{\"@type\":\"BreadcrumbList\",\"@id\":\"https:\/\/www.recom.link\/sq\/cka-eshte-koalicioni-per-komra-n-2\/#breadcrumb\",\"itemListElement\":[{\"@type\":\"ListItem\",\"position\":1,\"name\":\"Home\",\"item\":\"https:\/\/www.recom.link\/en\/\"},{\"@type\":\"ListItem\",\"position\":2,\"name\":\"\u00c7ka \u00ebsht\u00eb Koalicioni p\u00ebr KOMRA-n?\"}]},{\"@type\":\"WebSite\",\"@id\":\"https:\/\/www.recom.link\/en\/#website\",\"url\":\"https:\/\/www.recom.link\/en\/\",\"name\":\"REKOM ~ KOMRA ~ RECOM\",\"description\":\"\",\"potentialAction\":[{\"@type\":\"SearchAction\",\"target\":{\"@type\":\"EntryPoint\",\"urlTemplate\":\"https:\/\/www.recom.link\/en\/?s={search_term_string}\"},\"query-input\":{\"@type\":\"PropertyValueSpecification\",\"valueRequired\":true,\"valueName\":\"search_term_string\"}}],\"inLanguage\":\"sq\"}]}<\/script>\n<!-- \/ Yoast SEO plugin. -->","yoast_head_json":{"title":"\u00c7ka \u00ebsht\u00eb Koalicioni p\u00ebr KOMRA-n? - REKOM ~ KOMRA ~ RECOM","robots":{"index":"index","follow":"follow","max-snippet":"max-snippet:-1","max-image-preview":"max-image-preview:large","max-video-preview":"max-video-preview:-1"},"canonical":"https:\/\/www.recom.link\/sq\/cka-eshte-koalicioni-per-komra-n-2\/","og_locale":"sq_AL","og_type":"article","og_title":"\u00c7ka \u00ebsht\u00eb Koalicioni p\u00ebr KOMRA-n? - REKOM ~ KOMRA ~ RECOM","og_description":"Koalicioni p\u00ebr KOMRA \u00ebsht\u00eb nj\u00eb rrjet i organizatave t\u00eb shoq\u00ebris\u00eb civile (OSHC) nga vendet post-jugosllave K\u00ebto organizata avokojn\u00eb krijimin e...","og_url":"https:\/\/www.recom.link\/sq\/cka-eshte-koalicioni-per-komra-n-2\/","og_site_name":"REKOM ~ KOMRA ~ RECOM","article_publisher":"https:\/\/www.facebook.com\/ZaREKOM.PerKOMRA.ForRECOM\/","article_modified_time":"2020-05-31T19:34:49+00:00","twitter_card":"summary_large_image","twitter_site":"@REKOM_KOMRA","twitter_misc":{"Est. reading time":"2 minuta"},"schema":{"@context":"https:\/\/schema.org","@graph":[{"@type":"WebPage","@id":"https:\/\/www.recom.link\/sq\/cka-eshte-koalicioni-per-komra-n-2\/","url":"https:\/\/www.recom.link\/sq\/cka-eshte-koalicioni-per-komra-n-2\/","name":"\u00c7ka \u00ebsht\u00eb Koalicioni p\u00ebr KOMRA-n? - REKOM ~ KOMRA ~ RECOM","isPartOf":{"@id":"https:\/\/www.recom.link\/en\/#website"},"datePublished":"2020-03-29T10:43:17+00:00","dateModified":"2020-05-31T19:34:49+00:00","breadcrumb":{"@id":"https:\/\/www.recom.link\/sq\/cka-eshte-koalicioni-per-komra-n-2\/#breadcrumb"},"inLanguage":"sq","potentialAction":[{"@type":"ReadAction","target":["https:\/\/www.recom.link\/sq\/cka-eshte-koalicioni-per-komra-n-2\/"]}]},{"@type":"BreadcrumbList","@id":"https:\/\/www.recom.link\/sq\/cka-eshte-koalicioni-per-komra-n-2\/#breadcrumb","itemListElement":[{"@type":"ListItem","position":1,"name":"Home","item":"https:\/\/www.recom.link\/en\/"},{"@type":"ListItem","position":2,"name":"\u00c7ka \u00ebsht\u00eb Koalicioni p\u00ebr KOMRA-n?"}]},{"@type":"WebSite","@id":"https:\/\/www.recom.link\/en\/#website","url":"https:\/\/www.recom.link\/en\/","name":"REKOM ~ KOMRA ~ RECOM","description":"","potentialAction":[{"@type":"SearchAction","target":{"@type":"EntryPoint","urlTemplate":"https:\/\/www.recom.link\/en\/?s={search_term_string}"},"query-input":{"@type":"PropertyValueSpecification","valueRequired":true,"valueName":"search_term_string"}}],"inLanguage":"sq"}]}},"_links":{"self":[{"href":"https:\/\/www.recom.link\/sq\/wp-json\/wp\/v2\/pages\/169091"}],"collection":[{"href":"https:\/\/www.recom.link\/sq\/wp-json\/wp\/v2\/pages"}],"about":[{"href":"https:\/\/www.recom.link\/sq\/wp-json\/wp\/v2\/types\/page"}],"author":[{"embeddable":true,"href":"https:\/\/www.recom.link\/sq\/wp-json\/wp\/v2\/users\/8"}],"replies":[{"embeddable":true,"href":"https:\/\/www.recom.link\/sq\/wp-json\/wp\/v2\/comments?post=169091"}],"version-history":[{"count":3,"href":"https:\/\/www.recom.link\/sq\/wp-json\/wp\/v2\/pages\/169091\/revisions"}],"predecessor-version":[{"id":182209,"href":"https:\/\/www.recom.link\/sq\/wp-json\/wp\/v2\/pages\/169091\/revisions\/182209"}],"wp:attachment":[{"href":"https:\/\/www.recom.link\/sq\/wp-json\/wp\/v2\/media?parent=169091"}],"curies":[{"name":"wp","href":"https:\/\/api.w.org\/{rel}","templated":true}]}}