{"id":112102,"date":"2014-11-26T11:14:12","date_gmt":"2014-11-26T11:14:12","guid":{"rendered":"http:\/\/www.recom.link\/?page_id=112102"},"modified":"2020-05-31T20:25:59","modified_gmt":"2020-05-31T19:25:59","slug":"lidhje","status":"publish","type":"page","link":"https:\/\/www.recom.link\/sq\/lidhje\/","title":{"rendered":"Lidhje"},"content":{"rendered":"<h3>Organizata partnere n\u00eb projektin e KOMRA-s<\/h3>\n<p><a href=\"http:\/\/www.hlc-rdc.org\/\">Fondi p\u00ebr t\u00eb Drejt\u00ebn Humanitare, Serbi<\/a><\/p>\n<p><a href=\"http:\/\/www.hlc-rdc.org\/?p=12995&amp;lang=de\">Fondi \u00a0p\u00ebr t\u00eb Drejt\u00ebn Humanitare Kosov\u00eb<\/a><\/p>\n<p><a href=\"http:\/\/www.yihr.rs\/bhs\/inicijativa\/\">Iniciativa e t\u00eb Rinjve p\u00ebr t\u00eb Drejtat e Njeriut n\u00eb Serbi<\/a><\/p>\n<p><a href=\"http:\/\/yihr.hr\/hr\/\">Iniciativa e t\u00eb Rinjve p\u00ebr t\u00eb Drejtat e Njeriut n\u00eb Kroaci<\/a><\/p>\n<p><a href=\"https:\/\/www.documenta.hr\/hr\/naslovnica.html\">Documenta n\u00eb Kroaci<\/a><\/p>\n<p><a href=\"https:\/\/tranzicijska-pravda.org\/\">Drejt\u00ebsia tranzicionale, p\u00ebrgjegj\u00ebsia dhe kujtesa n\u00eb Bosnj\u00eb dhe Hercegovin\u00eb<\/a><\/p>\n<p><a href=\"http:\/\/cdtp.org\/sr\/\">Qendra p\u00ebr Demokraci dhe Drejt\u00ebsi Tranzicionale, Bosnj\u00eb dhe Hercegovin\u00eb<\/a><\/p>\n<p><a href=\"http:\/\/cgo-cce.org\/\">Qendra p\u00ebr Edukimin Qytetar, Mali i Zi<\/a><\/p>\n<p><a href=\"http:\/\/www.crpm.org.mk\/\">Qendra p\u00ebr hulumtim dhe \u00a0krijim t\u00eb politikave, Maqedoni<\/a><\/p>\n<p><a href=\"http:\/\/www.cirelstud.org\/\">Qendra p\u00ebr K\u00ebrkimin e Fes\u00eb, Politik\u00ebs dhe Shoq\u00ebris\u00eb, Serbi<\/a><\/p>\n<p>&nbsp;<\/p>\n<p>&nbsp;<\/p>\n","protected":false},"excerpt":{"rendered":"Organizata partnere n\u00eb projektin e KOMRA-s Fondi p\u00ebr t\u00eb Drejt\u00ebn Humanitare, Serbi Fondi \u00a0p\u00ebr t\u00eb Drejt\u00ebn Humanitare Kosov\u00eb Iniciativa e&#8230; ","protected":false},"author":8,"featured_media":0,"parent":0,"menu_order":139,"comment_status":"closed","ping_status":"closed","template":"","meta":{"_acf_changed":false,"footnotes":""},"class_list":["post-112102","page","type-page","status-publish","hentry"],"acf":[],"yoast_head":"<!-- This site is optimized with the Yoast SEO plugin v25.6 - https:\/\/yoast.com\/wordpress\/plugins\/seo\/ -->\n<title>Lidhje - REKOM ~ KOMRA ~ RECOM<\/title>\n<meta name=\"robots\" content=\"index, follow, max-snippet:-1, max-image-preview:large, max-video-preview:-1\" \/>\n<link rel=\"canonical\" href=\"https:\/\/www.recom.link\/sq\/lidhje\/\" \/>\n<meta property=\"og:locale\" content=\"sq_AL\" \/>\n<meta property=\"og:type\" content=\"article\" \/>\n<meta property=\"og:title\" content=\"Lidhje - REKOM ~ KOMRA ~ RECOM\" \/>\n<meta property=\"og:description\" content=\"Organizata partnere n\u00eb projektin e KOMRA-s Fondi p\u00ebr t\u00eb Drejt\u00ebn Humanitare, Serbi Fondi \u00a0p\u00ebr t\u00eb Drejt\u00ebn Humanitare Kosov\u00eb Iniciativa e...\" \/>\n<meta property=\"og:url\" content=\"https:\/\/www.recom.link\/sq\/lidhje\/\" \/>\n<meta property=\"og:site_name\" content=\"REKOM ~ KOMRA ~ RECOM\" \/>\n<meta property=\"article:publisher\" content=\"https:\/\/www.facebook.com\/ZaREKOM.PerKOMRA.ForRECOM\/\" \/>\n<meta property=\"article:modified_time\" content=\"2020-05-31T19:25:59+00:00\" \/>\n<meta name=\"twitter:card\" content=\"summary_large_image\" \/>\n<meta name=\"twitter:site\" content=\"@REKOM_KOMRA\" \/>\n<meta name=\"twitter:label1\" content=\"Est. reading time\" \/>\n\t<meta name=\"twitter:data1\" content=\"1 minut\u00eb\" \/>\n<script type=\"application\/ld+json\" class=\"yoast-schema-graph\">{\"@context\":\"https:\/\/schema.org\",\"@graph\":[{\"@type\":\"WebPage\",\"@id\":\"https:\/\/www.recom.link\/sq\/lidhje\/\",\"url\":\"https:\/\/www.recom.link\/sq\/lidhje\/\",\"name\":\"Lidhje - REKOM ~ KOMRA ~ RECOM\",\"isPartOf\":{\"@id\":\"https:\/\/www.recom.link\/en\/#website\"},\"datePublished\":\"2014-11-26T11:14:12+00:00\",\"dateModified\":\"2020-05-31T19:25:59+00:00\",\"breadcrumb\":{\"@id\":\"https:\/\/www.recom.link\/sq\/lidhje\/#breadcrumb\"},\"inLanguage\":\"sq\",\"potentialAction\":[{\"@type\":\"ReadAction\",\"target\":[\"https:\/\/www.recom.link\/sq\/lidhje\/\"]}]},{\"@type\":\"BreadcrumbList\",\"@id\":\"https:\/\/www.recom.link\/sq\/lidhje\/#breadcrumb\",\"itemListElement\":[{\"@type\":\"ListItem\",\"position\":1,\"name\":\"Home\",\"item\":\"https:\/\/www.recom.link\/en\/\"},{\"@type\":\"ListItem\",\"position\":2,\"name\":\"Lidhje\"}]},{\"@type\":\"WebSite\",\"@id\":\"https:\/\/www.recom.link\/en\/#website\",\"url\":\"https:\/\/www.recom.link\/en\/\",\"name\":\"REKOM ~ KOMRA ~ RECOM\",\"description\":\"\",\"potentialAction\":[{\"@type\":\"SearchAction\",\"target\":{\"@type\":\"EntryPoint\",\"urlTemplate\":\"https:\/\/www.recom.link\/en\/?s={search_term_string}\"},\"query-input\":{\"@type\":\"PropertyValueSpecification\",\"valueRequired\":true,\"valueName\":\"search_term_string\"}}],\"inLanguage\":\"sq\"}]}<\/script>\n<!-- \/ Yoast SEO plugin. -->","yoast_head_json":{"title":"Lidhje - REKOM ~ KOMRA ~ RECOM","robots":{"index":"index","follow":"follow","max-snippet":"max-snippet:-1","max-image-preview":"max-image-preview:large","max-video-preview":"max-video-preview:-1"},"canonical":"https:\/\/www.recom.link\/sq\/lidhje\/","og_locale":"sq_AL","og_type":"article","og_title":"Lidhje - REKOM ~ KOMRA ~ RECOM","og_description":"Organizata partnere n\u00eb projektin e KOMRA-s Fondi p\u00ebr t\u00eb Drejt\u00ebn Humanitare, Serbi Fondi \u00a0p\u00ebr t\u00eb Drejt\u00ebn Humanitare Kosov\u00eb Iniciativa e...","og_url":"https:\/\/www.recom.link\/sq\/lidhje\/","og_site_name":"REKOM ~ KOMRA ~ RECOM","article_publisher":"https:\/\/www.facebook.com\/ZaREKOM.PerKOMRA.ForRECOM\/","article_modified_time":"2020-05-31T19:25:59+00:00","twitter_card":"summary_large_image","twitter_site":"@REKOM_KOMRA","twitter_misc":{"Est. reading time":"1 minut\u00eb"},"schema":{"@context":"https:\/\/schema.org","@graph":[{"@type":"WebPage","@id":"https:\/\/www.recom.link\/sq\/lidhje\/","url":"https:\/\/www.recom.link\/sq\/lidhje\/","name":"Lidhje - REKOM ~ KOMRA ~ RECOM","isPartOf":{"@id":"https:\/\/www.recom.link\/en\/#website"},"datePublished":"2014-11-26T11:14:12+00:00","dateModified":"2020-05-31T19:25:59+00:00","breadcrumb":{"@id":"https:\/\/www.recom.link\/sq\/lidhje\/#breadcrumb"},"inLanguage":"sq","potentialAction":[{"@type":"ReadAction","target":["https:\/\/www.recom.link\/sq\/lidhje\/"]}]},{"@type":"BreadcrumbList","@id":"https:\/\/www.recom.link\/sq\/lidhje\/#breadcrumb","itemListElement":[{"@type":"ListItem","position":1,"name":"Home","item":"https:\/\/www.recom.link\/en\/"},{"@type":"ListItem","position":2,"name":"Lidhje"}]},{"@type":"WebSite","@id":"https:\/\/www.recom.link\/en\/#website","url":"https:\/\/www.recom.link\/en\/","name":"REKOM ~ KOMRA ~ RECOM","description":"","potentialAction":[{"@type":"SearchAction","target":{"@type":"EntryPoint","urlTemplate":"https:\/\/www.recom.link\/en\/?s={search_term_string}"},"query-input":{"@type":"PropertyValueSpecification","valueRequired":true,"valueName":"search_term_string"}}],"inLanguage":"sq"}]}},"_links":{"self":[{"href":"https:\/\/www.recom.link\/sq\/wp-json\/wp\/v2\/pages\/112102"}],"collection":[{"href":"https:\/\/www.recom.link\/sq\/wp-json\/wp\/v2\/pages"}],"about":[{"href":"https:\/\/www.recom.link\/sq\/wp-json\/wp\/v2\/types\/page"}],"author":[{"embeddable":true,"href":"https:\/\/www.recom.link\/sq\/wp-json\/wp\/v2\/users\/8"}],"replies":[{"embeddable":true,"href":"https:\/\/www.recom.link\/sq\/wp-json\/wp\/v2\/comments?post=112102"}],"version-history":[{"count":3,"href":"https:\/\/www.recom.link\/sq\/wp-json\/wp\/v2\/pages\/112102\/revisions"}],"predecessor-version":[{"id":182202,"href":"https:\/\/www.recom.link\/sq\/wp-json\/wp\/v2\/pages\/112102\/revisions\/182202"}],"wp:attachment":[{"href":"https:\/\/www.recom.link\/sq\/wp-json\/wp\/v2\/media?parent=112102"}],"curies":[{"name":"wp","href":"https:\/\/api.w.org\/{rel}","templated":true}]}}