{"id":132348,"date":"2014-05-09T07:15:41","date_gmt":"2014-05-09T07:15:41","guid":{"rendered":"http:\/\/www.recom.link\/o-nama-sl\/sta-je-rekom\/"},"modified":"2015-04-27T17:34:03","modified_gmt":"2015-04-27T16:34:03","slug":"sta-je-rekom","status":"publish","type":"page","link":"https:\/\/www.recom.link\/sl\/o-nama-sl\/sta-je-rekom\/","title":{"rendered":"Kaj je REKOM?"},"content":{"rendered":"<p>REKOM je <em>Regionalna komisija za ugotavljanje dejstev o vojnih zlo\u010dinih in drugih hudih kr\u0161itvah \u010dlovekovih pravic na ozemlju nekdanje SFRJ<\/em> od 1. januarja 1991 do 31. decembra 2001, za katere ustanovitev si prizadeva <strong>Iniciativa REKOM<\/strong>.<\/p>\n<p><strong>Proces REKOM<\/strong> je bil spro\u017een z debato o instrumentih za odkrivanje in izrekanje dejstev o preteklosti v maju 2006, na Prvem regionalnem forumu za tranzicijsko pravi\u010dnost, ki so ga organizirali Fond za humanitarno pravi\u010dnost (Srbija), Raziskovalno-dokumentacijski center (BiH) in Documenta (Hrva\u0161ka). Udele\u017eenci, predstavniki nevladnih organizacij in zdru\u017eenj dru\u017ein pogre\u0161anih in \u017ertev iz pojugoslovanskih dr\u017eav, so se zavzeli za regionalni pristop pri ugotavljanju dejstev o vojnih zlo\u010dinih z obrazlo\u017eitvijo, da je vojna potekala na podro\u010dju ve\u010d dr\u017eav in da \u017ertve in storilci ve\u010dinoma ne \u017eivijo v isti dr\u017eavi.<\/p>\n<p><a href=\"http:\/\/www.recom.link\/sl\/o-nama-sl\/sta-je-koalicija-za-rekom\/\" target=\"_blank\"><strong>Koalicija za ustanovitev REKOM-a <\/strong><\/a>je bila ustanovljena na \u010cetrtem regionalnem forumu za tranzicijsko pravi\u010dnost 28. 10. 2008 v Pri\u0161tini. V naslednjih treh letih je Koalicija spro\u017eila najobse\u017enej\u0161o dru\u017ebeno debato, kar jih je bilo kdajkoli organiziranih v tem prostoru: <em>konzultacijski proces<\/em> o mandatu REKOM-a je zaobjel 6.700 predstavnikov\/predstavnic civilne dru\u017ebe vklju\u010dno z organizacijami za \u010dlovekove pravice, \u017ertve, dru\u017eine \u017ertev in pogre\u0161anih, begunce, veterane\/branitelje, tabori\u0161\u010dnike, pravnike\/pravnice, umetnike\/umetnice, pisatelje in pisateljice, novinarje\/novinarke in druge ugledne posameznike\/posameznice. V obliki okroglih miz so udele\u017eenci\/udele\u017eenke podajali\/podajale svoje predloge in stali\u0161\u010da o mandatu tega regionalnega, meddr\u017eavnega organa za odkrivanje in javno izrekanje dejstev o vojnih zlo\u010dinih in drugih hudih kr\u0161itvah \u010dlovekovih pravic, o \u017ertvah in storilcih. Izvedenih je bilo 128 lokalnih in regionalnih sre\u010danj in osem mednarodnih forumov za tranzicijsko pravi\u010dnost. Podana stali\u0161\u010da so bila preto\u010dena v Predlog Statuta REKOM-a, ki ga je potem analizirala ekspertna skupina, sestavljena iz odposlancev\/odposlank predsednikov dr\u017eav in predsedstva BiH. Ekspertna skupina je po letu dni dela 28. 10. 2014 Koaliciji predala <a href=\"http:\/\/www.recom.link\/sl\/spremembe-statuta-28-10-2014\/\" target=\"_blank\"><strong>Spremembe Predloga Statuta<\/strong><\/a>, ki so bile potem tudi sprejete na Skup\u0161\u010dini Koalicije 14. novembra 2014.<\/p>\n<p>Po Predlogu Statuta je REKOM meddr\u017eavna komisija, ki jo ustanovijo dr\u017eave, nastale na ozemlju biv\u0161e SFRJ. Ta izvensodni organ bo raziskal navedbe o vseh vojnih zlo\u010dinih in drugih hudih kr\u0161itvah \u010dlovekovih pravic v zvezi z vojno;\u00a0poimensko bo popisal vse vojne \u017ertve kot tudi \u017ertve kaznivih dejanj v zvezi z vojno; zbral bo podatke o tabori\u0161\u010dih in drugih mestih prisilnega zapiranja.\u00a0Regionalna komisija bo neodvisna od svojih ustanoviteljev. Financirana bo z donacijami.<\/p>\n<p>Iniciativa REKOM poziva pojugoslovanske dr\u017eave, da skupaj ustanovijo to komisijo in ugotovijo dejstva, pomembna za zgodovino in za bodo\u010dnost celotnega prostora biv\u0161e Jugoslavije, ki bodo enako sprejemljiva za vse neko\u010d sprte strani. Iniciativo za ustanovitev REKOM-a je do konca leta 2014 s svojimi podpisi podprlo ve\u010d kot 580.000 ljudi iz cele biv\u0161e Jugoslavije.<\/p>\n","protected":false},"excerpt":{"rendered":"REKOM je Regionalna komisija za ugotavljanje dejstev o vojnih zlo\u010dinih in drugih hudih kr\u0161itvah \u010dlovekovih pravic na ozemlju nekdanje SFRJ&#8230; ","protected":false},"author":8,"featured_media":0,"parent":80807,"menu_order":101,"comment_status":"open","ping_status":"closed","template":"","meta":{"_acf_changed":false,"footnotes":""},"class_list":["post-132348","page","type-page","status-publish","hentry"],"acf":[],"yoast_head":"<!-- This site is optimized with the Yoast SEO plugin v25.6 - https:\/\/yoast.com\/wordpress\/plugins\/seo\/ -->\n<title>Kaj je REKOM? - REKOM ~ KOMRA ~ RECOM<\/title>\n<meta name=\"robots\" content=\"index, follow, max-snippet:-1, max-image-preview:large, max-video-preview:-1\" \/>\n<link rel=\"canonical\" href=\"https:\/\/www.recom.link\/sl\/o-nama-sl\/sta-je-rekom\/\" \/>\n<meta property=\"og:locale\" content=\"sl_SI\" \/>\n<meta property=\"og:type\" content=\"article\" \/>\n<meta property=\"og:title\" content=\"Kaj je REKOM? - REKOM ~ KOMRA ~ RECOM\" \/>\n<meta property=\"og:description\" content=\"REKOM je Regionalna komisija za ugotavljanje dejstev o vojnih zlo\u010dinih in drugih hudih kr\u0161itvah \u010dlovekovih pravic na ozemlju nekdanje SFRJ...\" \/>\n<meta property=\"og:url\" content=\"https:\/\/www.recom.link\/sl\/o-nama-sl\/sta-je-rekom\/\" \/>\n<meta property=\"og:site_name\" content=\"REKOM ~ KOMRA ~ RECOM\" \/>\n<meta property=\"article:publisher\" content=\"https:\/\/www.facebook.com\/ZaREKOM.PerKOMRA.ForRECOM\/\" \/>\n<meta property=\"article:modified_time\" content=\"2015-04-27T16:34:03+00:00\" \/>\n<meta name=\"twitter:card\" content=\"summary_large_image\" \/>\n<meta name=\"twitter:site\" content=\"@REKOM_KOMRA\" \/>\n<meta name=\"twitter:label1\" content=\"Est. reading time\" \/>\n\t<meta name=\"twitter:data1\" content=\"2 minuti\" \/>\n<script type=\"application\/ld+json\" class=\"yoast-schema-graph\">{\"@context\":\"https:\/\/schema.org\",\"@graph\":[{\"@type\":\"WebPage\",\"@id\":\"https:\/\/www.recom.link\/sl\/o-nama-sl\/sta-je-rekom\/\",\"url\":\"https:\/\/www.recom.link\/sl\/o-nama-sl\/sta-je-rekom\/\",\"name\":\"Kaj je REKOM? - REKOM ~ KOMRA ~ RECOM\",\"isPartOf\":{\"@id\":\"https:\/\/www.recom.link\/en\/#website\"},\"datePublished\":\"2014-05-09T07:15:41+00:00\",\"dateModified\":\"2015-04-27T16:34:03+00:00\",\"breadcrumb\":{\"@id\":\"https:\/\/www.recom.link\/sl\/o-nama-sl\/sta-je-rekom\/#breadcrumb\"},\"inLanguage\":\"sl-SI\",\"potentialAction\":[{\"@type\":\"ReadAction\",\"target\":[\"https:\/\/www.recom.link\/sl\/o-nama-sl\/sta-je-rekom\/\"]}]},{\"@type\":\"BreadcrumbList\",\"@id\":\"https:\/\/www.recom.link\/sl\/o-nama-sl\/sta-je-rekom\/#breadcrumb\",\"itemListElement\":[{\"@type\":\"ListItem\",\"position\":1,\"name\":\"Home\",\"item\":\"https:\/\/www.recom.link\/en\/\"},{\"@type\":\"ListItem\",\"position\":2,\"name\":\"O nama\",\"item\":\"https:\/\/www.recom.link\/sl\/o-nama-sl\/\"},{\"@type\":\"ListItem\",\"position\":3,\"name\":\"Kaj je REKOM?\"}]},{\"@type\":\"WebSite\",\"@id\":\"https:\/\/www.recom.link\/en\/#website\",\"url\":\"https:\/\/www.recom.link\/en\/\",\"name\":\"REKOM ~ KOMRA ~ RECOM\",\"description\":\"\",\"potentialAction\":[{\"@type\":\"SearchAction\",\"target\":{\"@type\":\"EntryPoint\",\"urlTemplate\":\"https:\/\/www.recom.link\/en\/?s={search_term_string}\"},\"query-input\":{\"@type\":\"PropertyValueSpecification\",\"valueRequired\":true,\"valueName\":\"search_term_string\"}}],\"inLanguage\":\"sl-SI\"}]}<\/script>\n<!-- \/ Yoast SEO plugin. -->","yoast_head_json":{"title":"Kaj je REKOM? - REKOM ~ KOMRA ~ RECOM","robots":{"index":"index","follow":"follow","max-snippet":"max-snippet:-1","max-image-preview":"max-image-preview:large","max-video-preview":"max-video-preview:-1"},"canonical":"https:\/\/www.recom.link\/sl\/o-nama-sl\/sta-je-rekom\/","og_locale":"sl_SI","og_type":"article","og_title":"Kaj je REKOM? - REKOM ~ KOMRA ~ RECOM","og_description":"REKOM je Regionalna komisija za ugotavljanje dejstev o vojnih zlo\u010dinih in drugih hudih kr\u0161itvah \u010dlovekovih pravic na ozemlju nekdanje SFRJ...","og_url":"https:\/\/www.recom.link\/sl\/o-nama-sl\/sta-je-rekom\/","og_site_name":"REKOM ~ KOMRA ~ RECOM","article_publisher":"https:\/\/www.facebook.com\/ZaREKOM.PerKOMRA.ForRECOM\/","article_modified_time":"2015-04-27T16:34:03+00:00","twitter_card":"summary_large_image","twitter_site":"@REKOM_KOMRA","twitter_misc":{"Est. reading time":"2 minuti"},"schema":{"@context":"https:\/\/schema.org","@graph":[{"@type":"WebPage","@id":"https:\/\/www.recom.link\/sl\/o-nama-sl\/sta-je-rekom\/","url":"https:\/\/www.recom.link\/sl\/o-nama-sl\/sta-je-rekom\/","name":"Kaj je REKOM? - REKOM ~ KOMRA ~ RECOM","isPartOf":{"@id":"https:\/\/www.recom.link\/en\/#website"},"datePublished":"2014-05-09T07:15:41+00:00","dateModified":"2015-04-27T16:34:03+00:00","breadcrumb":{"@id":"https:\/\/www.recom.link\/sl\/o-nama-sl\/sta-je-rekom\/#breadcrumb"},"inLanguage":"sl-SI","potentialAction":[{"@type":"ReadAction","target":["https:\/\/www.recom.link\/sl\/o-nama-sl\/sta-je-rekom\/"]}]},{"@type":"BreadcrumbList","@id":"https:\/\/www.recom.link\/sl\/o-nama-sl\/sta-je-rekom\/#breadcrumb","itemListElement":[{"@type":"ListItem","position":1,"name":"Home","item":"https:\/\/www.recom.link\/en\/"},{"@type":"ListItem","position":2,"name":"O nama","item":"https:\/\/www.recom.link\/sl\/o-nama-sl\/"},{"@type":"ListItem","position":3,"name":"Kaj je REKOM?"}]},{"@type":"WebSite","@id":"https:\/\/www.recom.link\/en\/#website","url":"https:\/\/www.recom.link\/en\/","name":"REKOM ~ KOMRA ~ RECOM","description":"","potentialAction":[{"@type":"SearchAction","target":{"@type":"EntryPoint","urlTemplate":"https:\/\/www.recom.link\/en\/?s={search_term_string}"},"query-input":{"@type":"PropertyValueSpecification","valueRequired":true,"valueName":"search_term_string"}}],"inLanguage":"sl-SI"}]}},"_links":{"self":[{"href":"https:\/\/www.recom.link\/sl\/wp-json\/wp\/v2\/pages\/132348"}],"collection":[{"href":"https:\/\/www.recom.link\/sl\/wp-json\/wp\/v2\/pages"}],"about":[{"href":"https:\/\/www.recom.link\/sl\/wp-json\/wp\/v2\/types\/page"}],"author":[{"embeddable":true,"href":"https:\/\/www.recom.link\/sl\/wp-json\/wp\/v2\/users\/8"}],"replies":[{"embeddable":true,"href":"https:\/\/www.recom.link\/sl\/wp-json\/wp\/v2\/comments?post=132348"}],"version-history":[{"count":3,"href":"https:\/\/www.recom.link\/sl\/wp-json\/wp\/v2\/pages\/132348\/revisions"}],"predecessor-version":[{"id":132469,"href":"https:\/\/www.recom.link\/sl\/wp-json\/wp\/v2\/pages\/132348\/revisions\/132469"}],"up":[{"embeddable":true,"href":"https:\/\/www.recom.link\/sl\/wp-json\/wp\/v2\/pages\/80807"}],"wp:attachment":[{"href":"https:\/\/www.recom.link\/sl\/wp-json\/wp\/v2\/media?parent=132348"}],"curies":[{"name":"wp","href":"https:\/\/api.w.org\/{rel}","templated":true}]}}