{"id":178553,"date":"2020-03-29T11:51:03","date_gmt":"2020-03-29T10:51:03","guid":{"rendered":"https:\/\/dev.recom.link\/?page_id=178553"},"modified":"2020-05-31T20:32:59","modified_gmt":"2020-05-31T19:32:59","slug":"what-is-the-coalition-for-recom-2","status":"publish","type":"page","link":"https:\/\/www.recom.link\/en\/what-is-the-coalition-for-recom-2\/","title":{"rendered":"What is the Coalition for RECOM?"},"content":{"rendered":"<p>The Coalition for RECOM is a network of civil society organizations (CSOs) from post-Yugoslav countries which advocate for the establishment of RECOM \u2013 the Regional Commission Tasked with Establishing the Facts about All Victims of War Crimes and Other Serious Human Rights Violations Committed on the Territory of the Former Yugoslavia from 1 January 1991 to 31 December 2001.<\/p>\n<p>The Coalition for RECOM was formed on 28 October 2008 in Pristina, Kosovo, within the Fourth Forum for Transitional Justice in post-Yugoslav Countries, by the decision of the 100 organizations and associations that took part in the forum \u2013 NGOs dealing with human rights, youth organizations, associations of families of missing persons and associations of former detainees. Since then, the Coalition for RECOM has brought together 2,050 non-governmental organizations dealing with human rights, associations of detainees, refugee associations, associations of families of missing persons, artists, writers, lawyers and other prominent intellectuals \u2013 all of them advocates of the idea that countries formed in the territory of the former Yugoslavia should create a Regional Commission with the task of establishing the facts about what happened in the recent past.<\/p>\n<p>The Coalition for RECOM is managed by the <strong>Assembly<\/strong> of the Coalition members. Technical and expert support to the Coalition is provided by the <strong>Regional Council<\/strong>, which consists of the initiators of the RECOM Initiative, Nata\u0161a Kandi\u0107 and Vesna Ter\u0161eli\u0107, and representatives of CSOs participating in the RECOM Project. The RECOM Project is managed by Nata\u0161a Kandi\u0107. The Regional Council is also responsible for the implementation of the conclusions of the Assembly of the Coalition for RECOM. The <strong>Public Advocates<\/strong> responsible for political advocacy are: Professor \u017darko Puhovski PhD (Croatia), Professor Zdravko Grebo PhD (BiH), \u017didas Daskalovski PhD (Macedonia), the journalists Adriatik Kelmendi (Kosovo), D\u017eenana Karup Dru\u0161ko (BiH), Dinko Gruhonji\u0107 (Serbia) and Du\u0161ko Vukovi\u0107 (Montenegro), Dino Mustafi\u0107 (theatre director), and Nata\u0161a Kandi\u0107 (human rights activist).<\/p>\n<p><a href=\"http:\/\/recom.link\/wp-content\/uploads\/2011\/06\/Statut-Koalicije-za-REKOM-26.06.2011-SRB.pdf\" target=\"_blank\" rel=\"noopener noreferrer\">Statute of the Coalition for RECOM<\/a><\/p>\n<h3>Bodies of the Coalition for RECOM<\/h3>\n<ul>\n<li>Assembly of the Coalition for RECOM<\/li>\n<li><a href=\"http:\/\/recom.link\/wp-content\/uploads\/2014\/05\/Spisak-\u010dlanova1.docx\">Regional Council<\/a><\/li>\n<li><a href=\"http:\/\/recom.link\/wp-content\/uploads\/2018\/07\/Regional-Team-of-Public-Advocates-ff.docx\" target=\"_blank\" rel=\"noopener noreferrer\">Public Advocates<\/a><\/li>\n<\/ul>\n","protected":false},"excerpt":{"rendered":"The Coalition for RECOM is a network of civil society organizations (CSOs) from post-Yugoslav countries which advocate for the establishment&#8230; ","protected":false},"author":8,"featured_media":0,"parent":0,"menu_order":0,"comment_status":"closed","ping_status":"closed","template":"","meta":{"_acf_changed":false,"footnotes":""},"class_list":["post-178553","page","type-page","status-publish","hentry"],"acf":[],"yoast_head":"<!-- This site is optimized with the Yoast SEO plugin v25.6 - https:\/\/yoast.com\/wordpress\/plugins\/seo\/ -->\n<title>What is the Coalition for RECOM? - REKOM ~ KOMRA ~ RECOM<\/title>\n<meta name=\"robots\" content=\"index, follow, max-snippet:-1, max-image-preview:large, max-video-preview:-1\" \/>\n<link rel=\"canonical\" href=\"https:\/\/www.recom.link\/en\/what-is-the-coalition-for-recom-2\/\" \/>\n<meta property=\"og:locale\" content=\"en_US\" \/>\n<meta property=\"og:type\" content=\"article\" \/>\n<meta property=\"og:title\" content=\"What is the Coalition for RECOM? - REKOM ~ KOMRA ~ RECOM\" \/>\n<meta property=\"og:description\" content=\"The Coalition for RECOM is a network of civil society organizations (CSOs) from post-Yugoslav countries which advocate for the establishment...\" \/>\n<meta property=\"og:url\" content=\"https:\/\/www.recom.link\/en\/what-is-the-coalition-for-recom-2\/\" \/>\n<meta property=\"og:site_name\" content=\"REKOM ~ KOMRA ~ RECOM\" \/>\n<meta property=\"article:publisher\" content=\"https:\/\/www.facebook.com\/ZaREKOM.PerKOMRA.ForRECOM\/\" \/>\n<meta property=\"article:modified_time\" content=\"2020-05-31T19:32:59+00:00\" \/>\n<meta name=\"twitter:card\" content=\"summary_large_image\" \/>\n<meta name=\"twitter:site\" content=\"@REKOM_KOMRA\" \/>\n<meta name=\"twitter:label1\" content=\"Est. reading time\" \/>\n\t<meta name=\"twitter:data1\" content=\"2 minutes\" \/>\n<script type=\"application\/ld+json\" class=\"yoast-schema-graph\">{\"@context\":\"https:\/\/schema.org\",\"@graph\":[{\"@type\":\"WebPage\",\"@id\":\"https:\/\/www.recom.link\/en\/what-is-the-coalition-for-recom-2\/\",\"url\":\"https:\/\/www.recom.link\/en\/what-is-the-coalition-for-recom-2\/\",\"name\":\"What is the Coalition for RECOM? - REKOM ~ KOMRA ~ RECOM\",\"isPartOf\":{\"@id\":\"https:\/\/www.recom.link\/en\/#website\"},\"datePublished\":\"2020-03-29T10:51:03+00:00\",\"dateModified\":\"2020-05-31T19:32:59+00:00\",\"breadcrumb\":{\"@id\":\"https:\/\/www.recom.link\/en\/what-is-the-coalition-for-recom-2\/#breadcrumb\"},\"inLanguage\":\"en-US\",\"potentialAction\":[{\"@type\":\"ReadAction\",\"target\":[\"https:\/\/www.recom.link\/en\/what-is-the-coalition-for-recom-2\/\"]}]},{\"@type\":\"BreadcrumbList\",\"@id\":\"https:\/\/www.recom.link\/en\/what-is-the-coalition-for-recom-2\/#breadcrumb\",\"itemListElement\":[{\"@type\":\"ListItem\",\"position\":1,\"name\":\"Home\",\"item\":\"https:\/\/www.recom.link\/en\/\"},{\"@type\":\"ListItem\",\"position\":2,\"name\":\"What is the Coalition for RECOM?\"}]},{\"@type\":\"WebSite\",\"@id\":\"https:\/\/www.recom.link\/en\/#website\",\"url\":\"https:\/\/www.recom.link\/en\/\",\"name\":\"REKOM ~ KOMRA ~ RECOM\",\"description\":\"\",\"potentialAction\":[{\"@type\":\"SearchAction\",\"target\":{\"@type\":\"EntryPoint\",\"urlTemplate\":\"https:\/\/www.recom.link\/en\/?s={search_term_string}\"},\"query-input\":{\"@type\":\"PropertyValueSpecification\",\"valueRequired\":true,\"valueName\":\"search_term_string\"}}],\"inLanguage\":\"en-US\"}]}<\/script>\n<!-- \/ Yoast SEO plugin. -->","yoast_head_json":{"title":"What is the Coalition for RECOM? - REKOM ~ KOMRA ~ RECOM","robots":{"index":"index","follow":"follow","max-snippet":"max-snippet:-1","max-image-preview":"max-image-preview:large","max-video-preview":"max-video-preview:-1"},"canonical":"https:\/\/www.recom.link\/en\/what-is-the-coalition-for-recom-2\/","og_locale":"en_US","og_type":"article","og_title":"What is the Coalition for RECOM? - REKOM ~ KOMRA ~ RECOM","og_description":"The Coalition for RECOM is a network of civil society organizations (CSOs) from post-Yugoslav countries which advocate for the establishment...","og_url":"https:\/\/www.recom.link\/en\/what-is-the-coalition-for-recom-2\/","og_site_name":"REKOM ~ KOMRA ~ RECOM","article_publisher":"https:\/\/www.facebook.com\/ZaREKOM.PerKOMRA.ForRECOM\/","article_modified_time":"2020-05-31T19:32:59+00:00","twitter_card":"summary_large_image","twitter_site":"@REKOM_KOMRA","twitter_misc":{"Est. reading time":"2 minutes"},"schema":{"@context":"https:\/\/schema.org","@graph":[{"@type":"WebPage","@id":"https:\/\/www.recom.link\/en\/what-is-the-coalition-for-recom-2\/","url":"https:\/\/www.recom.link\/en\/what-is-the-coalition-for-recom-2\/","name":"What is the Coalition for RECOM? - REKOM ~ KOMRA ~ RECOM","isPartOf":{"@id":"https:\/\/www.recom.link\/en\/#website"},"datePublished":"2020-03-29T10:51:03+00:00","dateModified":"2020-05-31T19:32:59+00:00","breadcrumb":{"@id":"https:\/\/www.recom.link\/en\/what-is-the-coalition-for-recom-2\/#breadcrumb"},"inLanguage":"en-US","potentialAction":[{"@type":"ReadAction","target":["https:\/\/www.recom.link\/en\/what-is-the-coalition-for-recom-2\/"]}]},{"@type":"BreadcrumbList","@id":"https:\/\/www.recom.link\/en\/what-is-the-coalition-for-recom-2\/#breadcrumb","itemListElement":[{"@type":"ListItem","position":1,"name":"Home","item":"https:\/\/www.recom.link\/en\/"},{"@type":"ListItem","position":2,"name":"What is the Coalition for RECOM?"}]},{"@type":"WebSite","@id":"https:\/\/www.recom.link\/en\/#website","url":"https:\/\/www.recom.link\/en\/","name":"REKOM ~ KOMRA ~ RECOM","description":"","potentialAction":[{"@type":"SearchAction","target":{"@type":"EntryPoint","urlTemplate":"https:\/\/www.recom.link\/en\/?s={search_term_string}"},"query-input":{"@type":"PropertyValueSpecification","valueRequired":true,"valueName":"search_term_string"}}],"inLanguage":"en-US"}]}},"_links":{"self":[{"href":"https:\/\/www.recom.link\/en\/wp-json\/wp\/v2\/pages\/178553"}],"collection":[{"href":"https:\/\/www.recom.link\/en\/wp-json\/wp\/v2\/pages"}],"about":[{"href":"https:\/\/www.recom.link\/en\/wp-json\/wp\/v2\/types\/page"}],"author":[{"embeddable":true,"href":"https:\/\/www.recom.link\/en\/wp-json\/wp\/v2\/users\/8"}],"replies":[{"embeddable":true,"href":"https:\/\/www.recom.link\/en\/wp-json\/wp\/v2\/comments?post=178553"}],"version-history":[{"count":3,"href":"https:\/\/www.recom.link\/en\/wp-json\/wp\/v2\/pages\/178553\/revisions"}],"predecessor-version":[{"id":182207,"href":"https:\/\/www.recom.link\/en\/wp-json\/wp\/v2\/pages\/178553\/revisions\/182207"}],"wp:attachment":[{"href":"https:\/\/www.recom.link\/en\/wp-json\/wp\/v2\/media?parent=178553"}],"curies":[{"name":"wp","href":"https:\/\/api.w.org\/{rel}","templated":true}]}}