{"id":178579,"date":"2020-03-29T12:20:07","date_gmt":"2020-03-29T11:20:07","guid":{"rendered":"https:\/\/dev.recom.link\/?page_id=178579"},"modified":"2020-05-31T20:43:06","modified_gmt":"2020-05-31T19:43:06","slug":"sta-je-proces-rekom","status":"publish","type":"page","link":"https:\/\/www.recom.link\/bhsc\/sta-je-proces-rekom\/","title":{"rendered":"\u0160ta je proces REKOM?"},"content":{"rendered":"<p>Proces REKOM zapo\u010det je debatom o instrumentima za otkrivanje i kazivanje \u010dinjenica o pro\u0161losti u maju 2006. godine na Prvom regionalnom forumu za tranzicionu pravdu, koji su organizovali Fond za humanitarno pravo (Srbija), Istra\u017eiva\u010dko-dokumentacioni centar (BiH) i Documenta (Hrvatska). U\u010desnici, predstavnici nevladinih organizacija i udru\u017eenja porodica nestalih i \u017ertava iz postjugoslovenskih zemalja, dali su prednost regionalnom pristupu u suo\u010davanju s pro\u0161lo\u0161\u0107u.<\/p>\n<p>Koalicija za REKOM je u periodu od maja 2006. do 26. 3. 2011. godine organizovala <a href=\"http:\/\/recom.link\/sr\/115677-2\/\"><u>sveobuhvatnu dru\u0161tvenu debatu<\/u><\/a> (<strong>konsultativni proces) o mandatu REKOM-a<\/strong>. U njoj je u\u010destvovalo 6700 predstavnika i predstavnica civilnog dru\u0161tva, uklju\u010duju\u0107i organizacije koje se bave ljudskim pravima, \u017ertve, porodice \u017ertava i nestalih, izbeglice, veterane\/branitelje, logora\u0161e, pravnike i pravnice, umetnike i umetnice, pisce i spisateljice, novinare i novinarke i druge ugledne pojedince i pojedinke. Odr\u017eano je 128 lokalnih i regionalnih skupova i osam me\u0111unarodnih foruma za tranzicionu pravdu. Izneti stavovi preto\u010deni su u Predlog Statuta REKOM-a, koji je 26. marta 2011. godine usvojila Skup\u0161tina Koalicije za REKOM.<\/p>\n<p>Nakon konsultativnog procesa, zapo\u010dela je druga faza procesa \u2013 <strong>institucionalizacija Inicijative REKOM<\/strong>. Ova faza predstavlja prenos Inicijative REKOM sa nivoa civilnog dru\u0161tva na politi\u010dki nivo \u2013 u domen institucija. Da bi dobila javnu podr\u0161ku za osnivanje REKOM-a, Koalicija je u maju i junu 2011. godine organizovala peticiju za osnivanje REKOM-a, koju je potpisalo <strong>555.000 gra\u0111ana<\/strong> iz svih postjugoslovenskih zemalja. Formiran je <a href=\"http:\/\/recom.link\/wp-content\/uploads\/2018\/06\/Regionalni_tim.pdf\" target=\"_blank\" rel=\"noopener noreferrer\"><u>Tim javnih zagovara\u010da<\/u><\/a> i pokrenuta je akcija <a href=\"http:\/\/recom.link\/sr\/rekom-za-buducnost-2\/\"><u>REKOM za budu\u0107nost<\/u><\/a>. Zagovaranje je rezultiralo odlukom predsednik\u00e2 odnosno Predsedni\u0161tva BiH da imenuju <a href=\"http:\/\/recom.link\/sr\/timeline\/imenovani-izaslanici-za-rekom\/\"><u>li\u010dne izaslanike za REKOM<\/u><\/a>. Izaslanici su dobili zadatak da analiziraju Statut REKOM-a koji je predlo\u017eila Koalicija za REKOM i da provere ustavne i pravne mogu\u0107nosti za osnivanje REKOM-a u svakoj pojedina\u010dnoj dr\u017eavi.<\/p>\n<p>Izaslanici za REKOM predali su 28. 10. 2014. godine Koaliciji za REKOM <a href=\"http:\/\/recom.link\/sr\/izmene-statuta-rekom-28-oktobar-2014-2\/\"><u>Izmene Statuta REKOM<\/u><\/a>-a, kao usagla\u0161eni dokument koji predstavlja pravni okvir za osnivanje REKOM-a. Te izmene je Koalicija za REKOM bezrezervno podr\u017eala na Skup\u0161tini, 14. 11. 2014. Me\u0111utim, u me\u0111uvremenu, odr\u017eani su izbori u BiH i izabrani novi \u010dlanovi Predsedni\u0161tva BiH, a u Hrvatskoj je izabrana nova predsednica, pa se u prvoj polovini 2015. godine Koalicija za REKOM na\u0161la u situaciji da iznova tra\u017ei podr\u0161ku za osnivanje REKOM-a. Podr\u0161ku su potvrdili predsednici Srbije, Crne Gore, Kosova i Makedonije i bo\u0161nja\u010dki \u010dlan Predsedni\u0161tva BiH. Oni su podr\u017eali i strategiju Koalicije za REKOM da se pitanje osnivanja REKOM-a razmatra u okviru Berlinskog procesa. Za samo nekoliko dana, u maju 2017. godine, 50.000 gra\u0111ana Sarajeva, Banjaluke, Pri\u0161tine, Zagreba i Beograda potpisalo je peticiju za dogovor lidera postjugoslovenskih zemalja o osnivanju REKOM-a u okviru Berlinskog procesa. U Deklaraciji predsedavaju\u0107eg samitu u Trstu, 12. 7. 2017. godine, posebno je istaknuta preporuka Foruma civilnog dru\u0161tva za osnivanje REKOM-a, kao zajedni\u010dko nastojanje u\u010desnika samita. U vezi sa samitom u Londonu, \u00a0koji \u0107e se odr\u017eati10. 7. 2018. godine, Koalicija za REKOM je pozvala premijere Srbije, Crne Gore, Kosova i Makedonije da potpi\u0161u Deklaraciju o osnivanju REKOM-a i pozovu preostale postjugoslovenske zemlje da se priklju\u010de zajedni\u010dkom poslu \u2013 izradi popisa ljudskih gubitaka u ratovima devedesetih.<\/p>\n","protected":false},"excerpt":{"rendered":"Proces REKOM zapo\u010det je debatom o instrumentima za otkrivanje i kazivanje \u010dinjenica o pro\u0161losti u maju 2006. godine na Prvom&#8230; ","protected":false},"author":8,"featured_media":0,"parent":0,"menu_order":0,"comment_status":"closed","ping_status":"closed","template":"","meta":{"_acf_changed":false,"footnotes":""},"class_list":["post-178579","page","type-page","status-publish","hentry"],"acf":[],"yoast_head":"<!-- This site is optimized with the Yoast SEO plugin v25.6 - https:\/\/yoast.com\/wordpress\/plugins\/seo\/ -->\n<title>\u0160ta je proces REKOM? - REKOM ~ KOMRA ~ RECOM<\/title>\n<meta name=\"robots\" content=\"index, follow, max-snippet:-1, max-image-preview:large, max-video-preview:-1\" \/>\n<link rel=\"canonical\" href=\"https:\/\/www.recom.link\/bhsc\/sta-je-proces-rekom\/\" \/>\n<meta property=\"og:locale\" content=\"en_US\" \/>\n<meta property=\"og:type\" content=\"article\" \/>\n<meta property=\"og:title\" content=\"\u0160ta je proces REKOM? - REKOM ~ KOMRA ~ RECOM\" \/>\n<meta property=\"og:description\" content=\"Proces REKOM zapo\u010det je debatom o instrumentima za otkrivanje i kazivanje \u010dinjenica o pro\u0161losti u maju 2006. godine na Prvom...\" \/>\n<meta property=\"og:url\" content=\"https:\/\/www.recom.link\/bhsc\/sta-je-proces-rekom\/\" \/>\n<meta property=\"og:site_name\" content=\"REKOM ~ KOMRA ~ RECOM\" \/>\n<meta property=\"article:publisher\" content=\"https:\/\/www.facebook.com\/ZaREKOM.PerKOMRA.ForRECOM\/\" \/>\n<meta property=\"article:modified_time\" content=\"2020-05-31T19:43:06+00:00\" \/>\n<meta name=\"twitter:card\" content=\"summary_large_image\" \/>\n<meta name=\"twitter:site\" content=\"@REKOM_KOMRA\" \/>\n<meta name=\"twitter:label1\" content=\"Est. reading time\" \/>\n\t<meta name=\"twitter:data1\" content=\"3 minutes\" \/>\n<script type=\"application\/ld+json\" class=\"yoast-schema-graph\">{\"@context\":\"https:\/\/schema.org\",\"@graph\":[{\"@type\":\"WebPage\",\"@id\":\"https:\/\/www.recom.link\/bhsc\/sta-je-proces-rekom\/\",\"url\":\"https:\/\/www.recom.link\/bhsc\/sta-je-proces-rekom\/\",\"name\":\"\u0160ta je proces REKOM? - REKOM ~ KOMRA ~ RECOM\",\"isPartOf\":{\"@id\":\"https:\/\/www.recom.link\/en\/#website\"},\"datePublished\":\"2020-03-29T11:20:07+00:00\",\"dateModified\":\"2020-05-31T19:43:06+00:00\",\"breadcrumb\":{\"@id\":\"https:\/\/www.recom.link\/bhsc\/sta-je-proces-rekom\/#breadcrumb\"},\"inLanguage\":\"bhsc\",\"potentialAction\":[{\"@type\":\"ReadAction\",\"target\":[\"https:\/\/www.recom.link\/bhsc\/sta-je-proces-rekom\/\"]}]},{\"@type\":\"BreadcrumbList\",\"@id\":\"https:\/\/www.recom.link\/bhsc\/sta-je-proces-rekom\/#breadcrumb\",\"itemListElement\":[{\"@type\":\"ListItem\",\"position\":1,\"name\":\"Home\",\"item\":\"https:\/\/www.recom.link\/en\/\"},{\"@type\":\"ListItem\",\"position\":2,\"name\":\"\u0160ta je proces REKOM?\"}]},{\"@type\":\"WebSite\",\"@id\":\"https:\/\/www.recom.link\/en\/#website\",\"url\":\"https:\/\/www.recom.link\/en\/\",\"name\":\"REKOM ~ KOMRA ~ RECOM\",\"description\":\"\",\"potentialAction\":[{\"@type\":\"SearchAction\",\"target\":{\"@type\":\"EntryPoint\",\"urlTemplate\":\"https:\/\/www.recom.link\/en\/?s={search_term_string}\"},\"query-input\":{\"@type\":\"PropertyValueSpecification\",\"valueRequired\":true,\"valueName\":\"search_term_string\"}}],\"inLanguage\":\"bhsc\"}]}<\/script>\n<!-- \/ Yoast SEO plugin. -->","yoast_head_json":{"title":"\u0160ta je proces REKOM? - REKOM ~ KOMRA ~ RECOM","robots":{"index":"index","follow":"follow","max-snippet":"max-snippet:-1","max-image-preview":"max-image-preview:large","max-video-preview":"max-video-preview:-1"},"canonical":"https:\/\/www.recom.link\/bhsc\/sta-je-proces-rekom\/","og_locale":"en_US","og_type":"article","og_title":"\u0160ta je proces REKOM? - REKOM ~ KOMRA ~ RECOM","og_description":"Proces REKOM zapo\u010det je debatom o instrumentima za otkrivanje i kazivanje \u010dinjenica o pro\u0161losti u maju 2006. godine na Prvom...","og_url":"https:\/\/www.recom.link\/bhsc\/sta-je-proces-rekom\/","og_site_name":"REKOM ~ KOMRA ~ RECOM","article_publisher":"https:\/\/www.facebook.com\/ZaREKOM.PerKOMRA.ForRECOM\/","article_modified_time":"2020-05-31T19:43:06+00:00","twitter_card":"summary_large_image","twitter_site":"@REKOM_KOMRA","twitter_misc":{"Est. reading time":"3 minutes"},"schema":{"@context":"https:\/\/schema.org","@graph":[{"@type":"WebPage","@id":"https:\/\/www.recom.link\/bhsc\/sta-je-proces-rekom\/","url":"https:\/\/www.recom.link\/bhsc\/sta-je-proces-rekom\/","name":"\u0160ta je proces REKOM? - REKOM ~ KOMRA ~ RECOM","isPartOf":{"@id":"https:\/\/www.recom.link\/en\/#website"},"datePublished":"2020-03-29T11:20:07+00:00","dateModified":"2020-05-31T19:43:06+00:00","breadcrumb":{"@id":"https:\/\/www.recom.link\/bhsc\/sta-je-proces-rekom\/#breadcrumb"},"inLanguage":"bhsc","potentialAction":[{"@type":"ReadAction","target":["https:\/\/www.recom.link\/bhsc\/sta-je-proces-rekom\/"]}]},{"@type":"BreadcrumbList","@id":"https:\/\/www.recom.link\/bhsc\/sta-je-proces-rekom\/#breadcrumb","itemListElement":[{"@type":"ListItem","position":1,"name":"Home","item":"https:\/\/www.recom.link\/en\/"},{"@type":"ListItem","position":2,"name":"\u0160ta je proces REKOM?"}]},{"@type":"WebSite","@id":"https:\/\/www.recom.link\/en\/#website","url":"https:\/\/www.recom.link\/en\/","name":"REKOM ~ KOMRA ~ RECOM","description":"","potentialAction":[{"@type":"SearchAction","target":{"@type":"EntryPoint","urlTemplate":"https:\/\/www.recom.link\/en\/?s={search_term_string}"},"query-input":{"@type":"PropertyValueSpecification","valueRequired":true,"valueName":"search_term_string"}}],"inLanguage":"bhsc"}]}},"_links":{"self":[{"href":"https:\/\/www.recom.link\/bhsc\/wp-json\/wp\/v2\/pages\/178579"}],"collection":[{"href":"https:\/\/www.recom.link\/bhsc\/wp-json\/wp\/v2\/pages"}],"about":[{"href":"https:\/\/www.recom.link\/bhsc\/wp-json\/wp\/v2\/types\/page"}],"author":[{"embeddable":true,"href":"https:\/\/www.recom.link\/bhsc\/wp-json\/wp\/v2\/users\/8"}],"replies":[{"embeddable":true,"href":"https:\/\/www.recom.link\/bhsc\/wp-json\/wp\/v2\/comments?post=178579"}],"version-history":[{"count":2,"href":"https:\/\/www.recom.link\/bhsc\/wp-json\/wp\/v2\/pages\/178579\/revisions"}],"predecessor-version":[{"id":182212,"href":"https:\/\/www.recom.link\/bhsc\/wp-json\/wp\/v2\/pages\/178579\/revisions\/182212"}],"wp:attachment":[{"href":"https:\/\/www.recom.link\/bhsc\/wp-json\/wp\/v2\/media?parent=178579"}],"curies":[{"name":"wp","href":"https:\/\/api.w.org\/{rel}","templated":true}]}}