{"id":169089,"date":"2020-03-29T11:41:54","date_gmt":"2020-03-29T10:41:54","guid":{"rendered":"https:\/\/dev.recom.link\/?page_id=169089"},"modified":"2020-05-31T20:36:02","modified_gmt":"2020-05-31T19:36:02","slug":"sta-je-koalicija-za-rekom-2","status":"publish","type":"page","link":"https:\/\/www.recom.link\/bhsc\/sta-je-koalicija-za-rekom-2\/","title":{"rendered":"\u0160ta je Koalicija za REKOM?"},"content":{"rendered":"<p>Koalicija za REKOM je mre\u017ea organizacija civilnog dru\u0161tva (OCD) iz postjugoslovenskih zemalja koje se zala\u017eu za osnivanje REKOM-a \u2013 Regionalne komisije za utvr\u0111ivanje \u010dinjenica o ratnim zlo\u010dinima i drugim te\u0161kim povredama ljudskih prava po\u010dinjenim na teritoriji biv\u0161e SFRJ od 1. januara 1991. do 31. decembra 2001. godine.<\/p>\n<p>Koalicija za REKOM je formirana 28. oktobra 2008. godine u Pri\u0161tini na Kosovu, u okviru \u010cetvrtog foruma za tranzicionu pravdu u postjugoslovenskim zemljama, odlukom 100 organizacija i udru\u017eenja koji su u\u010destvovali na forumu \u2013 nevladinih organizacija koje se bave ljudskim pravima, organizacija mladih, udru\u017eenja porodica nestalih i udru\u017eenja biv\u0161ih logora\u0161a. Od tada je Koalicija za REKOM okupila 2050 nevladinih organizacija koje se bave ljudskim pravima, udru\u017eenja logora\u0161a, udru\u017eenja izbeglica, udru\u017eenja porodica nestalih, umetnika, pisaca, pravnika i drugih istaknutih intelektualaca koji zagovaraju ideju da zemlje nastale na teritoriji biv\u0161e Jugoslavije formiraju regionalnu komisiju \u010diji je zadatak da utvrdi \u010dinjenice o onome \u0161to se dogodilo u neposrednoj pro\u0161losti.<\/p>\n<p>Koalicijom za REKOM upravlja <strong>Skup\u0161tina<\/strong> \u010dlanova i \u010dlanica Koalicije. Tehni\u010dku i stru\u010dnu podr\u0161ku Koaliciji pru\u017ea <strong>Regionalni savet<\/strong>, koji \u010dine pokreta\u010dice Inicijative REKOM, Nata\u0161a Kandi\u0107 i Vesna Ter\u0161eli\u010d, i predstavnici OCD koje u\u010destvuju u projektu REKOM. Projektom rukovodi Nata\u0161a Kandi\u0107. Regionalni savet je tako\u0111e odgovoran za sprovo\u0111enje zaklju\u010daka Skup\u0161tine Koalicije za REKOM. Za politi\u010dko zagovaranje su nadle\u017eni <strong>javni zagovara\u010di i zagovara\u010dice:<\/strong> prof. dr \u017darko Puhovski (Hrvatska), prof. dr Zdravko Grebo (BiH), dr \u017didas Daskalovski (Makedonija), novinari, Adriatik Kelmendi (Kosovo), D\u017eenana Karup Dru\u0161ko (BiH), Dinko Gruhonji\u0107 (Srbija) i Du\u0161ko Vukovi\u0107 (Crna Gora), Dino Mustafi\u0107 (pozori\u0161ni reditelj) i Nata\u0161a Kandi\u0107 (aktivistkinja u oblasti ljudskih prava).<\/p>\n<p><a href=\"http:\/\/recom.link\/wp-content\/uploads\/2011\/06\/Statut-Koalicije-za-REKOM-26.06.2011-SRB.pdf\" target=\"_blank\" rel=\"noopener noreferrer\">Statut Koalicije za REKOM<\/a><\/p>\n<h3>Tela Koalicije za REKOM<\/h3>\n<ul>\n<li>Skup\u0161tina koalicije za REKOM<\/li>\n<li><a href=\"http:\/\/recom.link\/wp-content\/uploads\/2018\/06\/Spisak_clanova.pdf\" target=\"_blank\" rel=\"noopener noreferrer\">Regionalni savet<\/a><\/li>\n<li><a href=\"http:\/\/recom.link\/wp-content\/uploads\/2018\/06\/Regionalni_tim.pdf\" target=\"_blank\" rel=\"noopener noreferrer\">Javni zagovara\u010di<\/a><\/li>\n<\/ul>\n","protected":false},"excerpt":{"rendered":"Koalicija za REKOM je mre\u017ea organizacija civilnog dru\u0161tva (OCD) iz postjugoslovenskih zemalja koje se zala\u017eu za osnivanje REKOM-a \u2013 Regionalne&#8230; ","protected":false},"author":8,"featured_media":0,"parent":0,"menu_order":0,"comment_status":"closed","ping_status":"closed","template":"","meta":{"_acf_changed":false,"footnotes":""},"class_list":["post-169089","page","type-page","status-publish","hentry"],"acf":[],"yoast_head":"<!-- This site is optimized with the Yoast SEO plugin v25.6 - https:\/\/yoast.com\/wordpress\/plugins\/seo\/ -->\n<title>\u0160ta je Koalicija za REKOM? - REKOM ~ KOMRA ~ RECOM<\/title>\n<meta name=\"robots\" content=\"index, follow, max-snippet:-1, max-image-preview:large, max-video-preview:-1\" \/>\n<link rel=\"canonical\" href=\"https:\/\/www.recom.link\/bhsc\/sta-je-koalicija-za-rekom-2\/\" \/>\n<meta property=\"og:locale\" content=\"en_US\" \/>\n<meta property=\"og:type\" content=\"article\" \/>\n<meta property=\"og:title\" content=\"\u0160ta je Koalicija za REKOM? - REKOM ~ KOMRA ~ RECOM\" \/>\n<meta property=\"og:description\" content=\"Koalicija za REKOM je mre\u017ea organizacija civilnog dru\u0161tva (OCD) iz postjugoslovenskih zemalja koje se zala\u017eu za osnivanje REKOM-a \u2013 Regionalne...\" \/>\n<meta property=\"og:url\" content=\"https:\/\/www.recom.link\/bhsc\/sta-je-koalicija-za-rekom-2\/\" \/>\n<meta property=\"og:site_name\" content=\"REKOM ~ KOMRA ~ RECOM\" \/>\n<meta property=\"article:publisher\" content=\"https:\/\/www.facebook.com\/ZaREKOM.PerKOMRA.ForRECOM\/\" \/>\n<meta property=\"article:modified_time\" content=\"2020-05-31T19:36:02+00:00\" \/>\n<meta name=\"twitter:card\" content=\"summary_large_image\" \/>\n<meta name=\"twitter:site\" content=\"@REKOM_KOMRA\" \/>\n<meta name=\"twitter:label1\" content=\"Est. reading time\" \/>\n\t<meta name=\"twitter:data1\" content=\"2 minutes\" \/>\n<script type=\"application\/ld+json\" class=\"yoast-schema-graph\">{\"@context\":\"https:\/\/schema.org\",\"@graph\":[{\"@type\":\"WebPage\",\"@id\":\"https:\/\/www.recom.link\/bhsc\/sta-je-koalicija-za-rekom-2\/\",\"url\":\"https:\/\/www.recom.link\/bhsc\/sta-je-koalicija-za-rekom-2\/\",\"name\":\"\u0160ta je Koalicija za REKOM? - REKOM ~ KOMRA ~ RECOM\",\"isPartOf\":{\"@id\":\"https:\/\/www.recom.link\/en\/#website\"},\"datePublished\":\"2020-03-29T10:41:54+00:00\",\"dateModified\":\"2020-05-31T19:36:02+00:00\",\"breadcrumb\":{\"@id\":\"https:\/\/www.recom.link\/bhsc\/sta-je-koalicija-za-rekom-2\/#breadcrumb\"},\"inLanguage\":\"bhsc\",\"potentialAction\":[{\"@type\":\"ReadAction\",\"target\":[\"https:\/\/www.recom.link\/bhsc\/sta-je-koalicija-za-rekom-2\/\"]}]},{\"@type\":\"BreadcrumbList\",\"@id\":\"https:\/\/www.recom.link\/bhsc\/sta-je-koalicija-za-rekom-2\/#breadcrumb\",\"itemListElement\":[{\"@type\":\"ListItem\",\"position\":1,\"name\":\"Home\",\"item\":\"https:\/\/www.recom.link\/en\/\"},{\"@type\":\"ListItem\",\"position\":2,\"name\":\"\u0160ta je Koalicija za REKOM?\"}]},{\"@type\":\"WebSite\",\"@id\":\"https:\/\/www.recom.link\/en\/#website\",\"url\":\"https:\/\/www.recom.link\/en\/\",\"name\":\"REKOM ~ KOMRA ~ RECOM\",\"description\":\"\",\"potentialAction\":[{\"@type\":\"SearchAction\",\"target\":{\"@type\":\"EntryPoint\",\"urlTemplate\":\"https:\/\/www.recom.link\/en\/?s={search_term_string}\"},\"query-input\":{\"@type\":\"PropertyValueSpecification\",\"valueRequired\":true,\"valueName\":\"search_term_string\"}}],\"inLanguage\":\"bhsc\"}]}<\/script>\n<!-- \/ Yoast SEO plugin. -->","yoast_head_json":{"title":"\u0160ta je Koalicija za REKOM? - REKOM ~ KOMRA ~ RECOM","robots":{"index":"index","follow":"follow","max-snippet":"max-snippet:-1","max-image-preview":"max-image-preview:large","max-video-preview":"max-video-preview:-1"},"canonical":"https:\/\/www.recom.link\/bhsc\/sta-je-koalicija-za-rekom-2\/","og_locale":"en_US","og_type":"article","og_title":"\u0160ta je Koalicija za REKOM? - REKOM ~ KOMRA ~ RECOM","og_description":"Koalicija za REKOM je mre\u017ea organizacija civilnog dru\u0161tva (OCD) iz postjugoslovenskih zemalja koje se zala\u017eu za osnivanje REKOM-a \u2013 Regionalne...","og_url":"https:\/\/www.recom.link\/bhsc\/sta-je-koalicija-za-rekom-2\/","og_site_name":"REKOM ~ KOMRA ~ RECOM","article_publisher":"https:\/\/www.facebook.com\/ZaREKOM.PerKOMRA.ForRECOM\/","article_modified_time":"2020-05-31T19:36:02+00:00","twitter_card":"summary_large_image","twitter_site":"@REKOM_KOMRA","twitter_misc":{"Est. reading time":"2 minutes"},"schema":{"@context":"https:\/\/schema.org","@graph":[{"@type":"WebPage","@id":"https:\/\/www.recom.link\/bhsc\/sta-je-koalicija-za-rekom-2\/","url":"https:\/\/www.recom.link\/bhsc\/sta-je-koalicija-za-rekom-2\/","name":"\u0160ta je Koalicija za REKOM? - REKOM ~ KOMRA ~ RECOM","isPartOf":{"@id":"https:\/\/www.recom.link\/en\/#website"},"datePublished":"2020-03-29T10:41:54+00:00","dateModified":"2020-05-31T19:36:02+00:00","breadcrumb":{"@id":"https:\/\/www.recom.link\/bhsc\/sta-je-koalicija-za-rekom-2\/#breadcrumb"},"inLanguage":"bhsc","potentialAction":[{"@type":"ReadAction","target":["https:\/\/www.recom.link\/bhsc\/sta-je-koalicija-za-rekom-2\/"]}]},{"@type":"BreadcrumbList","@id":"https:\/\/www.recom.link\/bhsc\/sta-je-koalicija-za-rekom-2\/#breadcrumb","itemListElement":[{"@type":"ListItem","position":1,"name":"Home","item":"https:\/\/www.recom.link\/en\/"},{"@type":"ListItem","position":2,"name":"\u0160ta je Koalicija za REKOM?"}]},{"@type":"WebSite","@id":"https:\/\/www.recom.link\/en\/#website","url":"https:\/\/www.recom.link\/en\/","name":"REKOM ~ KOMRA ~ RECOM","description":"","potentialAction":[{"@type":"SearchAction","target":{"@type":"EntryPoint","urlTemplate":"https:\/\/www.recom.link\/en\/?s={search_term_string}"},"query-input":{"@type":"PropertyValueSpecification","valueRequired":true,"valueName":"search_term_string"}}],"inLanguage":"bhsc"}]}},"_links":{"self":[{"href":"https:\/\/www.recom.link\/bhsc\/wp-json\/wp\/v2\/pages\/169089"}],"collection":[{"href":"https:\/\/www.recom.link\/bhsc\/wp-json\/wp\/v2\/pages"}],"about":[{"href":"https:\/\/www.recom.link\/bhsc\/wp-json\/wp\/v2\/types\/page"}],"author":[{"embeddable":true,"href":"https:\/\/www.recom.link\/bhsc\/wp-json\/wp\/v2\/users\/8"}],"replies":[{"embeddable":true,"href":"https:\/\/www.recom.link\/bhsc\/wp-json\/wp\/v2\/comments?post=169089"}],"version-history":[{"count":2,"href":"https:\/\/www.recom.link\/bhsc\/wp-json\/wp\/v2\/pages\/169089\/revisions"}],"predecessor-version":[{"id":182210,"href":"https:\/\/www.recom.link\/bhsc\/wp-json\/wp\/v2\/pages\/169089\/revisions\/182210"}],"wp:attachment":[{"href":"https:\/\/www.recom.link\/bhsc\/wp-json\/wp\/v2\/media?parent=169089"}],"curies":[{"name":"wp","href":"https:\/\/api.w.org\/{rel}","templated":true}]}}