{"id":112090,"date":"2014-11-26T10:27:10","date_gmt":"2014-11-26T10:27:10","guid":{"rendered":"http:\/\/www.recom.link\/?page_id=112090"},"modified":"2020-05-31T20:24:54","modified_gmt":"2020-05-31T19:24:54","slug":"linkovi-2","status":"publish","type":"page","link":"https:\/\/www.recom.link\/bhsc\/linkovi-2\/","title":{"rendered":"Linkovi"},"content":{"rendered":"<p>&nbsp;<\/p>\n<h3>Partnerske organizacije Koalicije za REKOM<\/h3>\n<p><a href=\"http:\/\/www.hlc-rdc.org\/\" target=\"_blank\" rel=\"noopener noreferrer\">Fond za humanitarno pravo, Srbija<\/a><\/p>\n<p><a href=\"http:\/\/www.hlc-rdc.org\/?p=12995&amp;lang=de\" target=\"_blank\" rel=\"noopener noreferrer\">Fond za humanitarno pravo Kosovo<\/a><\/p>\n<p><a href=\"https:\/\/www.documenta.hr\/hr\/naslovnica.html\">Documenta\u00a0\u2013 Centar za suo\u010davanje s pro\u0161lo\u0161\u0107u, Hrvatska<\/a><\/p>\n<p><a href=\"http:\/\/www.yihr.rs\/bhs\/inicijativa\/\" target=\"_blank\" rel=\"noopener noreferrer\">Inicijativa mladih za ljudska prava\u00a0u Srbiji<\/a><\/p>\n<p><a href=\"http:\/\/yihr.hr\/hr\/\" target=\"_blank\" rel=\"noopener noreferrer\">Inicijativa mladih za ljudska prava u Hrvatskoj<\/a><\/p>\n<p><a href=\"https:\/\/tranzicijska-pravda.org\">Udru\u017eenje Tranzicijska pravda, odgovornost i sje\u0107anje u BiH (TPOS)<\/a><\/p>\n<p><a href=\"http:\/\/www.crpm.org.mk\/\" target=\"_blank\" rel=\"noopener noreferrer\">Centar za istra\u017eivanje i kreiranje politika, Makedonija<\/a><\/p>\n<p><a href=\"http:\/\/cdtp.org\/sr\/\" target=\"_blank\" rel=\"noopener noreferrer\">Centar za demokratiju i tranzicionu pravdu, Bosna i Hercegovina<\/a><\/p>\n<p><a href=\"http:\/\/cgo-cce.org\/\" target=\"_blank\" rel=\"noopener noreferrer\">Centar za gra\u0111ansko obrazovanje, Crna Gora<\/a><\/p>\n<p><a href=\"http:\/\/www.cirelstud.org\/\" target=\"_blank\" rel=\"noopener noreferrer\">Centar za istra\u017eivanje religije, politike i dru\u0161tva, Srbija<\/a><\/p>\n<p>&nbsp;<\/p>\n","protected":false},"excerpt":{"rendered":"&nbsp; Partnerske organizacije Koalicije za REKOM Fond za humanitarno pravo, Srbija Fond za humanitarno pravo Kosovo Documenta\u00a0\u2013 Centar za suo\u010davanje&#8230; ","protected":false},"author":8,"featured_media":0,"parent":0,"menu_order":139,"comment_status":"closed","ping_status":"closed","template":"","meta":{"_acf_changed":false,"footnotes":""},"class_list":["post-112090","page","type-page","status-publish","hentry"],"acf":[],"yoast_head":"<!-- This site is optimized with the Yoast SEO plugin v25.6 - https:\/\/yoast.com\/wordpress\/plugins\/seo\/ -->\n<title>Linkovi - REKOM ~ KOMRA ~ RECOM<\/title>\n<meta name=\"robots\" content=\"index, follow, max-snippet:-1, max-image-preview:large, max-video-preview:-1\" \/>\n<link rel=\"canonical\" href=\"https:\/\/www.recom.link\/bhsc\/linkovi-2\/\" \/>\n<meta property=\"og:locale\" content=\"en_US\" \/>\n<meta property=\"og:type\" content=\"article\" \/>\n<meta property=\"og:title\" content=\"Linkovi - REKOM ~ KOMRA ~ RECOM\" \/>\n<meta property=\"og:description\" content=\"&nbsp; Partnerske organizacije Koalicije za REKOM Fond za humanitarno pravo, Srbija Fond za humanitarno pravo Kosovo Documenta\u00a0\u2013 Centar za suo\u010davanje...\" \/>\n<meta property=\"og:url\" content=\"https:\/\/www.recom.link\/bhsc\/linkovi-2\/\" \/>\n<meta property=\"og:site_name\" content=\"REKOM ~ KOMRA ~ RECOM\" \/>\n<meta property=\"article:publisher\" content=\"https:\/\/www.facebook.com\/ZaREKOM.PerKOMRA.ForRECOM\/\" \/>\n<meta property=\"article:modified_time\" content=\"2020-05-31T19:24:54+00:00\" \/>\n<meta name=\"twitter:card\" content=\"summary_large_image\" \/>\n<meta name=\"twitter:site\" content=\"@REKOM_KOMRA\" \/>\n<script type=\"application\/ld+json\" class=\"yoast-schema-graph\">{\"@context\":\"https:\/\/schema.org\",\"@graph\":[{\"@type\":\"WebPage\",\"@id\":\"https:\/\/www.recom.link\/bhsc\/linkovi-2\/\",\"url\":\"https:\/\/www.recom.link\/bhsc\/linkovi-2\/\",\"name\":\"Linkovi - REKOM ~ KOMRA ~ RECOM\",\"isPartOf\":{\"@id\":\"https:\/\/www.recom.link\/en\/#website\"},\"datePublished\":\"2014-11-26T10:27:10+00:00\",\"dateModified\":\"2020-05-31T19:24:54+00:00\",\"breadcrumb\":{\"@id\":\"https:\/\/www.recom.link\/bhsc\/linkovi-2\/#breadcrumb\"},\"inLanguage\":\"bhsc\",\"potentialAction\":[{\"@type\":\"ReadAction\",\"target\":[\"https:\/\/www.recom.link\/bhsc\/linkovi-2\/\"]}]},{\"@type\":\"BreadcrumbList\",\"@id\":\"https:\/\/www.recom.link\/bhsc\/linkovi-2\/#breadcrumb\",\"itemListElement\":[{\"@type\":\"ListItem\",\"position\":1,\"name\":\"Home\",\"item\":\"https:\/\/www.recom.link\/en\/\"},{\"@type\":\"ListItem\",\"position\":2,\"name\":\"Linkovi\"}]},{\"@type\":\"WebSite\",\"@id\":\"https:\/\/www.recom.link\/en\/#website\",\"url\":\"https:\/\/www.recom.link\/en\/\",\"name\":\"REKOM ~ KOMRA ~ RECOM\",\"description\":\"\",\"potentialAction\":[{\"@type\":\"SearchAction\",\"target\":{\"@type\":\"EntryPoint\",\"urlTemplate\":\"https:\/\/www.recom.link\/en\/?s={search_term_string}\"},\"query-input\":{\"@type\":\"PropertyValueSpecification\",\"valueRequired\":true,\"valueName\":\"search_term_string\"}}],\"inLanguage\":\"bhsc\"}]}<\/script>\n<!-- \/ Yoast SEO plugin. -->","yoast_head_json":{"title":"Linkovi - REKOM ~ KOMRA ~ RECOM","robots":{"index":"index","follow":"follow","max-snippet":"max-snippet:-1","max-image-preview":"max-image-preview:large","max-video-preview":"max-video-preview:-1"},"canonical":"https:\/\/www.recom.link\/bhsc\/linkovi-2\/","og_locale":"en_US","og_type":"article","og_title":"Linkovi - REKOM ~ KOMRA ~ RECOM","og_description":"&nbsp; Partnerske organizacije Koalicije za REKOM Fond za humanitarno pravo, Srbija Fond za humanitarno pravo Kosovo Documenta\u00a0\u2013 Centar za suo\u010davanje...","og_url":"https:\/\/www.recom.link\/bhsc\/linkovi-2\/","og_site_name":"REKOM ~ KOMRA ~ RECOM","article_publisher":"https:\/\/www.facebook.com\/ZaREKOM.PerKOMRA.ForRECOM\/","article_modified_time":"2020-05-31T19:24:54+00:00","twitter_card":"summary_large_image","twitter_site":"@REKOM_KOMRA","schema":{"@context":"https:\/\/schema.org","@graph":[{"@type":"WebPage","@id":"https:\/\/www.recom.link\/bhsc\/linkovi-2\/","url":"https:\/\/www.recom.link\/bhsc\/linkovi-2\/","name":"Linkovi - REKOM ~ KOMRA ~ RECOM","isPartOf":{"@id":"https:\/\/www.recom.link\/en\/#website"},"datePublished":"2014-11-26T10:27:10+00:00","dateModified":"2020-05-31T19:24:54+00:00","breadcrumb":{"@id":"https:\/\/www.recom.link\/bhsc\/linkovi-2\/#breadcrumb"},"inLanguage":"bhsc","potentialAction":[{"@type":"ReadAction","target":["https:\/\/www.recom.link\/bhsc\/linkovi-2\/"]}]},{"@type":"BreadcrumbList","@id":"https:\/\/www.recom.link\/bhsc\/linkovi-2\/#breadcrumb","itemListElement":[{"@type":"ListItem","position":1,"name":"Home","item":"https:\/\/www.recom.link\/en\/"},{"@type":"ListItem","position":2,"name":"Linkovi"}]},{"@type":"WebSite","@id":"https:\/\/www.recom.link\/en\/#website","url":"https:\/\/www.recom.link\/en\/","name":"REKOM ~ KOMRA ~ RECOM","description":"","potentialAction":[{"@type":"SearchAction","target":{"@type":"EntryPoint","urlTemplate":"https:\/\/www.recom.link\/en\/?s={search_term_string}"},"query-input":{"@type":"PropertyValueSpecification","valueRequired":true,"valueName":"search_term_string"}}],"inLanguage":"bhsc"}]}},"_links":{"self":[{"href":"https:\/\/www.recom.link\/bhsc\/wp-json\/wp\/v2\/pages\/112090"}],"collection":[{"href":"https:\/\/www.recom.link\/bhsc\/wp-json\/wp\/v2\/pages"}],"about":[{"href":"https:\/\/www.recom.link\/bhsc\/wp-json\/wp\/v2\/types\/page"}],"author":[{"embeddable":true,"href":"https:\/\/www.recom.link\/bhsc\/wp-json\/wp\/v2\/users\/8"}],"replies":[{"embeddable":true,"href":"https:\/\/www.recom.link\/bhsc\/wp-json\/wp\/v2\/comments?post=112090"}],"version-history":[{"count":3,"href":"https:\/\/www.recom.link\/bhsc\/wp-json\/wp\/v2\/pages\/112090\/revisions"}],"predecessor-version":[{"id":182201,"href":"https:\/\/www.recom.link\/bhsc\/wp-json\/wp\/v2\/pages\/112090\/revisions\/182201"}],"wp:attachment":[{"href":"https:\/\/www.recom.link\/bhsc\/wp-json\/wp\/v2\/media?parent=112090"}],"curies":[{"name":"wp","href":"https:\/\/api.w.org\/{rel}","templated":true}]}}